{"id":144,"date":"2017-04-28T17:26:10","date_gmt":"2017-04-28T17:26:10","guid":{"rendered":"http:\/\/crisjormat.pt\/home\/?page_id=144"},"modified":"2017-05-09T08:35:57","modified_gmt":"2017-05-09T08:35:57","slug":"servicos","status":"publish","type":"page","link":"https:\/\/crisjormat.pt\/home\/servicos\/","title":{"rendered":"Servi\u00e7os"},"content":{"rendered":"<div id=\"pl-144\"  class=\"panel-layout\" ><div id=\"pg-144-0\"  class=\"panel-grid panel-no-style\" ><div id=\"pgc-144-0-0\"  class=\"panel-grid-cell\" ><div id=\"panel-144-0-0-0\" class=\"so-panel widget widget_sow-image panel-first-child panel-last-child\" data-index=\"0\" ><div\n\t\t\t\n\t\t\tclass=\"so-widget-sow-image so-widget-sow-image-default-8b5b6f678277-144\"\n\t\t\t\n\t\t>\n<div class=\"sow-image-container\">\n\t\t<img \n\tsrc=\"https:\/\/crisjormat.pt\/home\/wp-content\/uploads\/2017\/04\/servicos_estores.png\" width=\"1482\" height=\"1244\" srcset=\"https:\/\/crisjormat.pt\/home\/wp-content\/uploads\/2017\/04\/servicos_estores.png 1482w, https:\/\/crisjormat.pt\/home\/wp-content\/uploads\/2017\/04\/servicos_estores-300x252.png 300w, https:\/\/crisjormat.pt\/home\/wp-content\/uploads\/2017\/04\/servicos_estores-768x645.png 768w, https:\/\/crisjormat.pt\/home\/wp-content\/uploads\/2017\/04\/servicos_estores-1024x860.png 1024w\" sizes=\"(max-width: 1482px) 100vw, 1482px\" alt=\"\" \t\tclass=\"so-widget-image\"\/>\n\t<\/div>\n\n<\/div><\/div><\/div><div id=\"pgc-144-0-1\"  class=\"panel-grid-cell\" ><div id=\"panel-144-0-1-0\" class=\"so-panel widget widget_sow-editor panel-first-child\" data-index=\"1\" ><div\n\t\t\t\n\t\t\tclass=\"so-widget-sow-editor so-widget-sow-editor-base\"\n\t\t\t\n\t\t><h3 class=\"widget-title\">Estores e persianas<\/h3>\n<div class=\"siteorigin-widget-tinymce textwidget\">\n\t<p style=\"text-align: justify;\">Estes complementos s\u00e3o perfeitos para poder controlar a entrada de luminosidade nos espa\u00e7os interiores, dar mais privacidade e conseguir uma temperatura mais equilibrada evitando a exposi\u00e7\u00e3o solar direta, conferindo maior isolamento t\u00e9rmico e ac\u00fastico, ao mesmo tempo que d\u00e3o seguran\u00e7a e estilo.<\/p>\n<\/div>\n<\/div><\/div><div id=\"panel-144-0-1-1\" class=\"so-panel widget widget_sow-button panel-last-child\" data-index=\"2\" ><div\n\t\t\t\n\t\t\tclass=\"so-widget-sow-button so-widget-sow-button-wire-d301c94bc1f1-144\"\n\t\t\t\n\t\t><div class=\"ow-button-base ow-button-align-left\"\n>\n\t\t\t<a\n\t\t\t\t\thref=\"https:\/\/crisjormat.pt\/home\/servicos\/estores-e-persianas\/\"\n\t\t\t\t\tclass=\"sowb-button ow-icon-placement-left\" \t>\n\t\t<span>\n\t\t\t\n\t\t\tLer mais\t\t<\/span>\n\t\t\t<\/a>\n\t<\/div>\n<\/div><\/div><\/div><\/div><div id=\"pg-144-1\"  class=\"panel-grid panel-no-style\" ><div id=\"pgc-144-1-0\"  class=\"panel-grid-cell\" ><div id=\"panel-144-1-0-0\" class=\"so-panel widget widget_sow-editor panel-first-child\" data-index=\"3\" ><div\n\t\t\t\n\t\t\tclass=\"so-widget-sow-editor so-widget-sow-editor-base\"\n\t\t\t\n\t\t><h3 class=\"widget-title\">Caixilharias de alum\u00ednio e PVC<\/h3>\n<div class=\"siteorigin-widget-tinymce textwidget\">\n\t<p style=\"text-align: justify;\">As nossas caixilharias\u00a0s\u00e3o fabricadas com produtos de qualidade garantindo que re\u00fanem todos os requisitos de seguran\u00e7a e isolamento, evitando desperd\u00edcios de energia. Quer seja de\u00a0abrir, correr, basculante, projetante, batente ou \u00a0oscilobatente, s\u00e3o ideais para quem quer m\u00e1xima prote\u00e7\u00e3o ao\u00a0ru\u00eddos e temperatura.<\/p>\n<\/div>\n<\/div><\/div><div id=\"panel-144-1-0-1\" class=\"so-panel widget widget_sow-button panel-last-child\" data-index=\"4\" ><div\n\t\t\t\n\t\t\tclass=\"so-widget-sow-button so-widget-sow-button-wire-d301c94bc1f1-144\"\n\t\t\t\n\t\t><div class=\"ow-button-base ow-button-align-left\"\n>\n\t\t\t<a\n\t\t\t\t\thref=\"https:\/\/crisjormat.pt\/home\/servicos\/caixilharias\/\"\n\t\t\t\t\tclass=\"sowb-button ow-icon-placement-left\" \t>\n\t\t<span>\n\t\t\t\n\t\t\tLer mais\t\t<\/span>\n\t\t\t<\/a>\n\t<\/div>\n<\/div><\/div><\/div><div id=\"pgc-144-1-1\"  class=\"panel-grid-cell\" ><div id=\"panel-144-1-1-0\" class=\"so-panel widget widget_sow-image panel-first-child panel-last-child\" data-index=\"5\" ><div\n\t\t\t\n\t\t\tclass=\"so-widget-sow-image so-widget-sow-image-default-8b5b6f678277-144\"\n\t\t\t\n\t\t>\n<div class=\"sow-image-container\">\n\t\t<img \n\tsrc=\"https:\/\/crisjormat.pt\/home\/wp-content\/uploads\/2017\/04\/servicos_caixilharias.png\" width=\"1482\" height=\"1244\" srcset=\"https:\/\/crisjormat.pt\/home\/wp-content\/uploads\/2017\/04\/servicos_caixilharias.png 1482w, https:\/\/crisjormat.pt\/home\/wp-content\/uploads\/2017\/04\/servicos_caixilharias-300x252.png 300w, https:\/\/crisjormat.pt\/home\/wp-content\/uploads\/2017\/04\/servicos_caixilharias-768x645.png 768w, https:\/\/crisjormat.pt\/home\/wp-content\/uploads\/2017\/04\/servicos_caixilharias-1024x860.png 1024w\" sizes=\"(max-width: 1482px) 100vw, 1482px\" alt=\"\" \t\tclass=\"so-widget-image\"\/>\n\t<\/div>\n\n<\/div><\/div><\/div><\/div><div id=\"pg-144-2\"  class=\"panel-grid panel-no-style\" ><div id=\"pgc-144-2-0\"  class=\"panel-grid-cell\" ><div id=\"panel-144-2-0-0\" class=\"so-panel widget widget_sow-image panel-first-child panel-last-child\" data-index=\"6\" ><div\n\t\t\t\n\t\t\tclass=\"so-widget-sow-image so-widget-sow-image-default-8b5b6f678277-144\"\n\t\t\t\n\t\t>\n<div class=\"sow-image-container\">\n\t\t<img \n\tsrc=\"https:\/\/crisjormat.pt\/home\/wp-content\/uploads\/2017\/04\/servicos_portoesAutomatismos.png\" width=\"1482\" height=\"1244\" srcset=\"https:\/\/crisjormat.pt\/home\/wp-content\/uploads\/2017\/04\/servicos_portoesAutomatismos.png 1482w, https:\/\/crisjormat.pt\/home\/wp-content\/uploads\/2017\/04\/servicos_portoesAutomatismos-300x252.png 300w, https:\/\/crisjormat.pt\/home\/wp-content\/uploads\/2017\/04\/servicos_portoesAutomatismos-768x645.png 768w, https:\/\/crisjormat.pt\/home\/wp-content\/uploads\/2017\/04\/servicos_portoesAutomatismos-1024x860.png 1024w\" sizes=\"(max-width: 1482px) 100vw, 1482px\" alt=\"\" \t\tclass=\"so-widget-image\"\/>\n\t<\/div>\n\n<\/div><\/div><\/div><div id=\"pgc-144-2-1\"  class=\"panel-grid-cell\" ><div id=\"panel-144-2-1-0\" class=\"so-panel widget widget_sow-editor panel-first-child\" data-index=\"7\" ><div\n\t\t\t\n\t\t\tclass=\"so-widget-sow-editor so-widget-sow-editor-base\"\n\t\t\t\n\t\t><h3 class=\"widget-title\">port\u00f5es e automatismos<\/h3>\n<div class=\"siteorigin-widget-tinymce textwidget\">\n\t<p style=\"text-align: justify;\">Abra o seu port\u00e3o comodamente a partir do interior do seu carro. N\u00e3o deixe que o acesso \u00e0 sua habita\u00e7\u00e3o seja um constrangimento di\u00e1rio.&nbsp;Os port\u00f5es necessitam de automatismos flex\u00edveis, capazes de controlar v\u00e1rias dimens\u00f5es, diversas intensidades de passagem e variadas situa\u00e7\u00f5es ambientais, garantindo sempre as m\u00e1ximas condi\u00e7\u00f5es de seguran\u00e7a operacional, de funcionalidade e de confian\u00e7a.<\/p>\n<\/div>\n<\/div><\/div><div id=\"panel-144-2-1-1\" class=\"so-panel widget widget_sow-button panel-last-child\" data-index=\"8\" ><div\n\t\t\t\n\t\t\tclass=\"so-widget-sow-button so-widget-sow-button-wire-d301c94bc1f1-144\"\n\t\t\t\n\t\t><div class=\"ow-button-base ow-button-align-left\"\n>\n\t\t\t<a\n\t\t\t\t\thref=\"https:\/\/crisjormat.pt\/home\/servicos\/portoes\/\"\n\t\t\t\t\tclass=\"sowb-button ow-icon-placement-left\" \t>\n\t\t<span>\n\t\t\t\n\t\t\tLer mais\t\t<\/span>\n\t\t\t<\/a>\n\t<\/div>\n<\/div><\/div><\/div><\/div><div id=\"pg-144-3\"  class=\"panel-grid panel-no-style\" ><div id=\"pgc-144-3-0\"  class=\"panel-grid-cell\" ><div id=\"panel-144-3-0-0\" class=\"so-panel widget widget_sow-editor panel-first-child\" data-index=\"9\" ><div\n\t\t\t\n\t\t\tclass=\"so-widget-sow-editor so-widget-sow-editor-base\"\n\t\t\t\n\t\t><h3 class=\"widget-title\">Tetos falsos e divis\u00f3rias<\/h3>\n<div class=\"siteorigin-widget-tinymce textwidget\">\n\t<p style=\"text-align: justify;\">D\u00ea um ambiente mais moderno ao seu espa\u00e7o fazendo um revestimento do seu tecto com placas de gesso cartonado. Melhore a ac\u00fastica e t\u00e9rmica da \u00e1rea envolvente, atrav\u00e9s da aplica\u00e7\u00e3o de divis\u00f3rias com isolamento.<\/p>\n<\/div>\n<\/div><\/div><div id=\"panel-144-3-0-1\" class=\"so-panel widget widget_sow-button panel-last-child\" data-index=\"10\" ><div\n\t\t\t\n\t\t\tclass=\"so-widget-sow-button so-widget-sow-button-wire-d301c94bc1f1-144\"\n\t\t\t\n\t\t><div class=\"ow-button-base ow-button-align-left\"\n>\n\t\t\t<a\n\t\t\t\t\thref=\"https:\/\/crisjormat.pt\/home\/servicos\/estores-e-persianas-2\/\"\n\t\t\t\t\tclass=\"sowb-button ow-icon-placement-left\" \t>\n\t\t<span>\n\t\t\t\n\t\t\tLer mais\t\t<\/span>\n\t\t\t<\/a>\n\t<\/div>\n<\/div><\/div><\/div><div id=\"pgc-144-3-1\"  class=\"panel-grid-cell\" ><div id=\"panel-144-3-1-0\" class=\"so-panel widget widget_sow-image panel-first-child panel-last-child\" data-index=\"11\" ><div\n\t\t\t\n\t\t\tclass=\"so-widget-sow-image so-widget-sow-image-default-8b5b6f678277-144\"\n\t\t\t\n\t\t>\n<div class=\"sow-image-container\">\n\t\t<img \n\tsrc=\"https:\/\/crisjormat.pt\/home\/wp-content\/uploads\/2017\/04\/servicos_tetosFalsos.png\" width=\"1482\" height=\"1244\" srcset=\"https:\/\/crisjormat.pt\/home\/wp-content\/uploads\/2017\/04\/servicos_tetosFalsos.png 1482w, https:\/\/crisjormat.pt\/home\/wp-content\/uploads\/2017\/04\/servicos_tetosFalsos-300x252.png 300w, https:\/\/crisjormat.pt\/home\/wp-content\/uploads\/2017\/04\/servicos_tetosFalsos-768x645.png 768w, https:\/\/crisjormat.pt\/home\/wp-content\/uploads\/2017\/04\/servicos_tetosFalsos-1024x860.png 1024w\" sizes=\"(max-width: 1482px) 100vw, 1482px\" alt=\"\" \t\tclass=\"so-widget-image\"\/>\n\t<\/div>\n\n<\/div><\/div><\/div><\/div><div id=\"pg-144-4\"  class=\"panel-grid panel-no-style\" ><div id=\"pgc-144-4-0\"  class=\"panel-grid-cell\" ><div id=\"panel-144-4-0-0\" class=\"so-panel widget widget_sow-image panel-first-child panel-last-child\" data-index=\"12\" ><div\n\t\t\t\n\t\t\tclass=\"so-widget-sow-image so-widget-sow-image-default-8b5b6f678277-144\"\n\t\t\t\n\t\t>\n<div class=\"sow-image-container\">\n\t\t<img \n\tsrc=\"https:\/\/crisjormat.pt\/home\/wp-content\/uploads\/2017\/04\/servicos_pinturaInteriores.png\" width=\"1482\" height=\"1244\" srcset=\"https:\/\/crisjormat.pt\/home\/wp-content\/uploads\/2017\/04\/servicos_pinturaInteriores.png 1482w, https:\/\/crisjormat.pt\/home\/wp-content\/uploads\/2017\/04\/servicos_pinturaInteriores-300x252.png 300w, https:\/\/crisjormat.pt\/home\/wp-content\/uploads\/2017\/04\/servicos_pinturaInteriores-768x645.png 768w, https:\/\/crisjormat.pt\/home\/wp-content\/uploads\/2017\/04\/servicos_pinturaInteriores-1024x860.png 1024w\" sizes=\"(max-width: 1482px) 100vw, 1482px\" alt=\"\" \t\tclass=\"so-widget-image\"\/>\n\t<\/div>\n\n<\/div><\/div><\/div><div id=\"pgc-144-4-1\"  class=\"panel-grid-cell\" ><div id=\"panel-144-4-1-0\" class=\"so-panel widget widget_sow-editor panel-first-child\" data-index=\"13\" ><div\n\t\t\t\n\t\t\tclass=\"so-widget-sow-editor so-widget-sow-editor-base\"\n\t\t\t\n\t\t><h3 class=\"widget-title\">Pintura de interiores<\/h3>\n<div class=\"siteorigin-widget-tinymce textwidget\">\n\t<p style=\"text-align: justify;\">Quer pintar a casa porque est\u00e1 cansado das cores da suas paredes?&nbsp;N\u00f3s somos a solu\u00e7\u00e3o.<br \/> Temos todas as tintas, vernizes, acess\u00f3rios e o aconselhamento profissional que necessita.<\/p>\n<\/div>\n<\/div><\/div><div id=\"panel-144-4-1-1\" class=\"so-panel widget widget_sow-button panel-last-child\" data-index=\"14\" ><div\n\t\t\t\n\t\t\tclass=\"so-widget-sow-button so-widget-sow-button-wire-d301c94bc1f1-144\"\n\t\t\t\n\t\t><div class=\"ow-button-base ow-button-align-left\"\n>\n\t\t\t<a\n\t\t\t\t\thref=\"https:\/\/crisjormat.pt\/home\/servicos\/pintura\/\"\n\t\t\t\t\tclass=\"sowb-button ow-icon-placement-left\" \t>\n\t\t<span>\n\t\t\t\n\t\t\tLer mais\t\t<\/span>\n\t\t\t<\/a>\n\t<\/div>\n<\/div><\/div><\/div><\/div><div id=\"pg-144-5\"  class=\"panel-grid panel-no-style\" ><div id=\"pgc-144-5-0\"  class=\"panel-grid-cell\" ><div id=\"panel-144-5-0-0\" class=\"so-panel widget widget_sow-editor panel-first-child\" data-index=\"15\" ><div\n\t\t\t\n\t\t\tclass=\"so-widget-sow-editor so-widget-sow-editor-base\"\n\t\t\t\n\t\t><h3 class=\"widget-title\">Revestimentos e isolamentos<\/h3>\n<div class=\"siteorigin-widget-tinymce textwidget\">\n\t<p style=\"text-align: justify;\">Oferecemos uma gama completa de produtos de l\u00e3 mineral para isolamento t\u00e9rmico e ac\u00fastico.<br \/> Gra\u00e7as a seu alto desempenho, podemos resolver os requisitos CTE relativos \u00e0 limita\u00e7\u00e3o da demanda de energia, protec\u00e7\u00e3o contra o ru\u00eddo, a protec\u00e7\u00e3o da humidade e da seguran\u00e7a contra inc\u00eandios.<\/p>\n<\/div>\n<\/div><\/div><div id=\"panel-144-5-0-1\" class=\"so-panel widget widget_sow-button panel-last-child\" data-index=\"16\" ><div\n\t\t\t\n\t\t\tclass=\"so-widget-sow-button so-widget-sow-button-wire-d301c94bc1f1-144\"\n\t\t\t\n\t\t><div class=\"ow-button-base ow-button-align-left\"\n>\n\t\t\t<a\n\t\t\t\t\thref=\"https:\/\/crisjormat.pt\/home\/servicos\/revestimento-isolamento\/\"\n\t\t\t\t\tclass=\"sowb-button ow-icon-placement-left\" \t>\n\t\t<span>\n\t\t\t\n\t\t\tLer mais\t\t<\/span>\n\t\t\t<\/a>\n\t<\/div>\n<\/div><\/div><\/div><div id=\"pgc-144-5-1\"  class=\"panel-grid-cell\" ><div id=\"panel-144-5-1-0\" class=\"so-panel widget widget_sow-image panel-first-child panel-last-child\" data-index=\"17\" ><div\n\t\t\t\n\t\t\tclass=\"so-widget-sow-image so-widget-sow-image-default-8b5b6f678277-144\"\n\t\t\t\n\t\t>\n<div class=\"sow-image-container\">\n\t\t<img \n\tsrc=\"https:\/\/crisjormat.pt\/home\/wp-content\/uploads\/2017\/04\/servicos_revestimentosIsolamentos.png\" width=\"1482\" height=\"1243\" srcset=\"https:\/\/crisjormat.pt\/home\/wp-content\/uploads\/2017\/04\/servicos_revestimentosIsolamentos.png 1482w, https:\/\/crisjormat.pt\/home\/wp-content\/uploads\/2017\/04\/servicos_revestimentosIsolamentos-300x252.png 300w, https:\/\/crisjormat.pt\/home\/wp-content\/uploads\/2017\/04\/servicos_revestimentosIsolamentos-768x644.png 768w, https:\/\/crisjormat.pt\/home\/wp-content\/uploads\/2017\/04\/servicos_revestimentosIsolamentos-1024x859.png 1024w\" sizes=\"(max-width: 1482px) 100vw, 1482px\" alt=\"\" \t\tclass=\"so-widget-image\"\/>\n\t<\/div>\n\n<\/div><\/div><\/div><\/div><div id=\"pg-144-6\"  class=\"panel-grid panel-no-style\" ><div id=\"pgc-144-6-0\"  class=\"panel-grid-cell\" ><div id=\"panel-144-6-0-0\" class=\"so-panel widget widget_sow-image panel-first-child panel-last-child\" data-index=\"18\" ><div\n\t\t\t\n\t\t\tclass=\"so-widget-sow-image so-widget-sow-image-default-8b5b6f678277-144\"\n\t\t\t\n\t\t>\n<div class=\"sow-image-container\">\n\t\t<img \n\tsrc=\"https:\/\/crisjormat.pt\/home\/wp-content\/uploads\/2017\/04\/servicos_pavimentoFlutuante.png\" width=\"1482\" height=\"1243\" srcset=\"https:\/\/crisjormat.pt\/home\/wp-content\/uploads\/2017\/04\/servicos_pavimentoFlutuante.png 1482w, https:\/\/crisjormat.pt\/home\/wp-content\/uploads\/2017\/04\/servicos_pavimentoFlutuante-300x252.png 300w, https:\/\/crisjormat.pt\/home\/wp-content\/uploads\/2017\/04\/servicos_pavimentoFlutuante-768x644.png 768w, https:\/\/crisjormat.pt\/home\/wp-content\/uploads\/2017\/04\/servicos_pavimentoFlutuante-1024x859.png 1024w\" sizes=\"(max-width: 1482px) 100vw, 1482px\" alt=\"\" \t\tclass=\"so-widget-image\"\/>\n\t<\/div>\n\n<\/div><\/div><\/div><div id=\"pgc-144-6-1\"  class=\"panel-grid-cell\" ><div id=\"panel-144-6-1-0\" class=\"so-panel widget widget_sow-editor panel-first-child\" data-index=\"19\" ><div\n\t\t\t\n\t\t\tclass=\"so-widget-sow-editor so-widget-sow-editor-base\"\n\t\t\t\n\t\t><h3 class=\"widget-title\">Pavimentos flutuantes<\/h3>\n<div class=\"siteorigin-widget-tinymce textwidget\">\n\t<p style=\"text-align: justify;\">O Pavimento flutuante a cada dia que passa \u00e9, cada vez mais, um factor fundamental da decora\u00e7\u00e3o dos espa\u00e7os onde trabalhamos, onde habitamos e onde vivemos, contribuindo decisivamente para a est\u00e9tica dos ambientes.<\/p>\n<\/div>\n<\/div><\/div><div id=\"panel-144-6-1-1\" class=\"so-panel widget widget_sow-button panel-last-child\" data-index=\"20\" ><div\n\t\t\t\n\t\t\tclass=\"so-widget-sow-button so-widget-sow-button-wire-d301c94bc1f1-144\"\n\t\t\t\n\t\t><div class=\"ow-button-base ow-button-align-left\"\n>\n\t\t\t<a\n\t\t\t\t\thref=\"https:\/\/crisjormat.pt\/home\/servicos\/pavimento-flutuantes\/\"\n\t\t\t\t\tclass=\"sowb-button ow-icon-placement-left\" \t>\n\t\t<span>\n\t\t\t\n\t\t\tLer mais\t\t<\/span>\n\t\t\t<\/a>\n\t<\/div>\n<\/div><\/div><\/div><\/div><div id=\"pg-144-7\"  class=\"panel-grid panel-no-style\" ><div id=\"pgc-144-7-0\"  class=\"panel-grid-cell\" ><div id=\"panel-144-7-0-0\" class=\"so-panel widget widget_sow-editor panel-first-child\" data-index=\"21\" ><div\n\t\t\t\n\t\t\tclass=\"so-widget-sow-editor so-widget-sow-editor-base\"\n\t\t\t\n\t\t><h3 class=\"widget-title\">Portas de fole<\/h3>\n<div class=\"siteorigin-widget-tinymce textwidget\">\n\t<p style=\"text-align: justify;\">A imitar v\u00e1rias cores de madeira existentes, constru\u00eddas em perfis de PVC r\u00edgido de 1\u00aa qualidade, as portas de fole s\u00e3o uma solu\u00e7\u00e3o para os seus problemas de espa\u00e7o.&nbsp;<\/p>\n<\/div>\n<\/div><\/div><div id=\"panel-144-7-0-1\" class=\"so-panel widget widget_sow-button panel-last-child\" data-index=\"22\" ><div\n\t\t\t\n\t\t\tclass=\"so-widget-sow-button so-widget-sow-button-wire-d301c94bc1f1-144\"\n\t\t\t\n\t\t><div class=\"ow-button-base ow-button-align-left\"\n>\n\t\t\t<a\n\t\t\t\t\thref=\"https:\/\/crisjormat.pt\/home\/servicos\/portas-fole\/\"\n\t\t\t\t\tclass=\"sowb-button ow-icon-placement-left\" \t>\n\t\t<span>\n\t\t\t\n\t\t\tLer mais\t\t<\/span>\n\t\t\t<\/a>\n\t<\/div>\n<\/div><\/div><\/div><div id=\"pgc-144-7-1\"  class=\"panel-grid-cell\" ><div id=\"panel-144-7-1-0\" class=\"so-panel widget widget_sow-image panel-first-child panel-last-child\" data-index=\"23\" ><div\n\t\t\t\n\t\t\tclass=\"so-widget-sow-image so-widget-sow-image-default-8b5b6f678277-144\"\n\t\t\t\n\t\t>\n<div class=\"sow-image-container\">\n\t\t<img \n\tsrc=\"https:\/\/crisjormat.pt\/home\/wp-content\/uploads\/2017\/04\/servicos_portasFole.png\" width=\"1482\" height=\"1244\" srcset=\"https:\/\/crisjormat.pt\/home\/wp-content\/uploads\/2017\/04\/servicos_portasFole.png 1482w, https:\/\/crisjormat.pt\/home\/wp-content\/uploads\/2017\/04\/servicos_portasFole-300x252.png 300w, https:\/\/crisjormat.pt\/home\/wp-content\/uploads\/2017\/04\/servicos_portasFole-768x645.png 768w, https:\/\/crisjormat.pt\/home\/wp-content\/uploads\/2017\/04\/servicos_portasFole-1024x860.png 1024w\" sizes=\"(max-width: 1482px) 100vw, 1482px\" alt=\"\" \t\tclass=\"so-widget-image\"\/>\n\t<\/div>\n\n<\/div><\/div><\/div><\/div><div id=\"pg-144-8\"  class=\"panel-grid panel-no-style\" ><div id=\"pgc-144-8-0\"  class=\"panel-grid-cell\" ><div id=\"panel-144-8-0-0\" class=\"so-panel widget widget_sow-image panel-first-child panel-last-child\" data-index=\"24\" ><div\n\t\t\t\n\t\t\tclass=\"so-widget-sow-image so-widget-sow-image-default-8b5b6f678277-144\"\n\t\t\t\n\t\t>\n<div class=\"sow-image-container\">\n\t\t<img \n\tsrc=\"https:\/\/crisjormat.pt\/home\/wp-content\/uploads\/2017\/04\/servicos_vidros.png\" width=\"1482\" height=\"1244\" srcset=\"https:\/\/crisjormat.pt\/home\/wp-content\/uploads\/2017\/04\/servicos_vidros.png 1482w, https:\/\/crisjormat.pt\/home\/wp-content\/uploads\/2017\/04\/servicos_vidros-300x252.png 300w, https:\/\/crisjormat.pt\/home\/wp-content\/uploads\/2017\/04\/servicos_vidros-768x645.png 768w, https:\/\/crisjormat.pt\/home\/wp-content\/uploads\/2017\/04\/servicos_vidros-1024x860.png 1024w\" sizes=\"(max-width: 1482px) 100vw, 1482px\" alt=\"\" \t\tclass=\"so-widget-image\"\/>\n\t<\/div>\n\n<\/div><\/div><\/div><div id=\"pgc-144-8-1\"  class=\"panel-grid-cell\" ><div id=\"panel-144-8-1-0\" class=\"so-panel widget widget_sow-editor panel-first-child\" data-index=\"25\" ><div\n\t\t\t\n\t\t\tclass=\"so-widget-sow-editor so-widget-sow-editor-base\"\n\t\t\t\n\t\t><h3 class=\"widget-title\">Vidros e espelhos<\/h3>\n<div class=\"siteorigin-widget-tinymce textwidget\">\n\t<p style=\"text-align: justify;\">Instalamos v\u00e1rios tipos de vidro, desde o vidro simples ao vidro duplo, laminado e temperado. Temos a experi\u00eancia e qualifica\u00e7\u00e3o para desempenhar o trabalho que deseja de forma r\u00e1pida e rigorosa. Fornecemos e colocamos vidros e espelhos com arestas ou bisel.<\/p>\n<\/div>\n<\/div><\/div><div id=\"panel-144-8-1-1\" class=\"so-panel widget widget_sow-button panel-last-child\" data-index=\"26\" ><div\n\t\t\t\n\t\t\tclass=\"so-widget-sow-button so-widget-sow-button-wire-d301c94bc1f1-144\"\n\t\t\t\n\t\t><div class=\"ow-button-base ow-button-align-left\"\n>\n\t\t\t<a\n\t\t\t\t\thref=\"https:\/\/crisjormat.pt\/home\/servicos\/vidros-espelhos\/\"\n\t\t\t\t\tclass=\"sowb-button ow-icon-placement-left\" \t>\n\t\t<span>\n\t\t\t\n\t\t\tLer mais\t\t<\/span>\n\t\t\t<\/a>\n\t<\/div>\n<\/div><\/div><\/div><\/div><div id=\"pg-144-9\"  class=\"panel-grid panel-no-style\" ><div id=\"pgc-144-9-0\"  class=\"panel-grid-cell\" ><div id=\"panel-144-9-0-0\" class=\"so-panel widget widget_sow-editor panel-first-child\" data-index=\"27\" ><div\n\t\t\t\n\t\t\tclass=\"so-widget-sow-editor so-widget-sow-editor-base\"\n\t\t\t\n\t\t><h3 class=\"widget-title\">Resguardos para banheiras<\/h3>\n<div class=\"siteorigin-widget-tinymce textwidget\">\n\t<p style=\"text-align: justify;\">Numa habita\u00e7\u00e3o todas as lou\u00e7as sanit\u00e1rias, para al\u00e9m de auxiliarem nas actividades do dia-a-dia, s\u00e3o tamb\u00e9m pe\u00e7as de decora\u00e7\u00e3o que tornam as divis\u00f5es de uma casa mais confort\u00e1veis e elegantes para quem as utiliza. Procure solu\u00e7\u00f5es atuais modernizando o seu espa\u00e7o.<\/p>\n<\/div>\n<\/div><\/div><div id=\"panel-144-9-0-1\" class=\"so-panel widget widget_sow-button panel-last-child\" data-index=\"28\" ><div\n\t\t\t\n\t\t\tclass=\"so-widget-sow-button so-widget-sow-button-wire-d301c94bc1f1-144\"\n\t\t\t\n\t\t><div class=\"ow-button-base ow-button-align-left\"\n>\n\t\t\t<a\n\t\t\t\t\thref=\"https:\/\/crisjormat.pt\/home\/servicos\/resguardos-para-banheiras\/\"\n\t\t\t\t\tclass=\"sowb-button ow-icon-placement-left\" \t>\n\t\t<span>\n\t\t\t\n\t\t\tLer mais\t\t<\/span>\n\t\t\t<\/a>\n\t<\/div>\n<\/div><\/div><\/div><div id=\"pgc-144-9-1\"  class=\"panel-grid-cell\" ><div id=\"panel-144-9-1-0\" class=\"so-panel widget widget_sow-image panel-first-child panel-last-child\" data-index=\"29\" ><div\n\t\t\t\n\t\t\tclass=\"so-widget-sow-image so-widget-sow-image-default-8b5b6f678277-144\"\n\t\t\t\n\t\t>\n<div class=\"sow-image-container\">\n\t\t<img \n\tsrc=\"https:\/\/crisjormat.pt\/home\/wp-content\/uploads\/2017\/04\/servicos_resguardoBanheiras.png\" width=\"1482\" height=\"1243\" srcset=\"https:\/\/crisjormat.pt\/home\/wp-content\/uploads\/2017\/04\/servicos_resguardoBanheiras.png 1482w, https:\/\/crisjormat.pt\/home\/wp-content\/uploads\/2017\/04\/servicos_resguardoBanheiras-300x252.png 300w, https:\/\/crisjormat.pt\/home\/wp-content\/uploads\/2017\/04\/servicos_resguardoBanheiras-768x644.png 768w, https:\/\/crisjormat.pt\/home\/wp-content\/uploads\/2017\/04\/servicos_resguardoBanheiras-1024x859.png 1024w\" sizes=\"(max-width: 1482px) 100vw, 1482px\" alt=\"\" \t\tclass=\"so-widget-image\"\/>\n\t<\/div>\n\n<\/div><\/div><\/div><\/div><\/div>","protected":false},"excerpt":{"rendered":"<p>Estes complementos s\u00e3o perfeitos para poder controlar a entrada de luminosidade nos espa\u00e7os interiores, dar mais privacidade e conseguir uma [&hellip;]<\/p>\n","protected":false},"author":2,"featured_media":0,"parent":0,"menu_order":0,"comment_status":"closed","ping_status":"closed","template":"","meta":{"footnotes":""},"class_list":["post-144","page","type-page","status-publish","hentry"],"_links":{"self":[{"href":"https:\/\/crisjormat.pt\/home\/wp-json\/wp\/v2\/pages\/144","targetHints":{"allow":["GET"]}}],"collection":[{"href":"https:\/\/crisjormat.pt\/home\/wp-json\/wp\/v2\/pages"}],"about":[{"href":"https:\/\/crisjormat.pt\/home\/wp-json\/wp\/v2\/types\/page"}],"author":[{"embeddable":true,"href":"https:\/\/crisjormat.pt\/home\/wp-json\/wp\/v2\/users\/2"}],"replies":[{"embeddable":true,"href":"https:\/\/crisjormat.pt\/home\/wp-json\/wp\/v2\/comments?post=144"}],"version-history":[{"count":82,"href":"https:\/\/crisjormat.pt\/home\/wp-json\/wp\/v2\/pages\/144\/revisions"}],"predecessor-version":[{"id":779,"href":"https:\/\/crisjormat.pt\/home\/wp-json\/wp\/v2\/pages\/144\/revisions\/779"}],"wp:attachment":[{"href":"https:\/\/crisjormat.pt\/home\/wp-json\/wp\/v2\/media?parent=144"}],"curies":[{"name":"wp","href":"https:\/\/api.w.org\/{rel}","templated":true}]}}