{"id":17,"date":"2017-04-03T21:18:52","date_gmt":"2017-04-03T21:18:52","guid":{"rendered":"http:\/\/crisjormat.pt\/home\/?page_id=17"},"modified":"2023-01-09T10:40:58","modified_gmt":"2023-01-09T10:40:58","slug":"inicio","status":"publish","type":"page","link":"https:\/\/crisjormat.pt\/home\/","title":{"rendered":"Home"},"content":{"rendered":"<div id=\"pl-17\"  class=\"panel-layout\" ><div id=\"pg-17-0\"  class=\"panel-grid panel-has-style\" ><div class=\"siteorigin-panels-stretch panel-row-style panel-row-style-for-17-0\" data-stretch-type=\"full-stretched\" ><div id=\"pgc-17-0-0\"  class=\"panel-grid-cell\" ><div id=\"panel-17-0-0-0\" class=\"so-panel widget widget_sow-slider panel-first-child panel-last-child\" data-index=\"0\" ><div\n\t\t\t\n\t\t\tclass=\"so-widget-sow-slider so-widget-sow-slider-default-6d39609536fd-17\"\n\t\t\t\n\t\t>\t\t\t\t<div class=\"sow-slider-base\" style=\"display: none\" tabindex=\"0\">\n\t\t\t\t\t<ul\n\t\t\t\t\tclass=\"sow-slider-images\"\n\t\t\t\t\tdata-settings=\"{&quot;pagination&quot;:true,&quot;speed&quot;:800,&quot;timeout&quot;:8000,&quot;paused&quot;:false,&quot;pause_on_hover&quot;:false,&quot;swipe&quot;:false,&quot;nav_always_show_desktop&quot;:&quot;&quot;,&quot;nav_always_show_mobile&quot;:&quot;&quot;,&quot;breakpoint&quot;:&quot;780px&quot;,&quot;unmute&quot;:false,&quot;anchor&quot;:null}\"\n\t\t\t\t\t\t\t\t\t\tdata-anchor-id=\"\"\n\t\t\t\t>\t\t<li class=\"sow-slider-image  sow-slider-image-cover\" style=\"visibility: visible;;background-image: url(https:\/\/crisjormat.pt\/home\/wp-content\/uploads\/2017\/04\/slide_banner_janelas-e1496353062131.png)\" >\n\t\t\t\t\t\t<div class=\"sow-slider-image-container\">\n\t\t\t\t<div class=\"sow-slider-image-wrapper\" style=\"max-width: 3144px\">\n\t\t\t\t\t\t\t\t\t\t<div class=\"sow-slider-image-foreground-wrapper\">\n\t\t\t\t\t\t<img loading=\"lazy\" decoding=\"async\" width=\"3144\" height=\"1174\" src=\"https:\/\/crisjormat.pt\/home\/wp-content\/uploads\/2017\/04\/slide_banner_janelas_text.png\" class=\"sow-slider-foreground-image\" alt=\"\" style=\"\" srcset=\"https:\/\/crisjormat.pt\/home\/wp-content\/uploads\/2017\/04\/slide_banner_janelas_text.png 3144w, https:\/\/crisjormat.pt\/home\/wp-content\/uploads\/2017\/04\/slide_banner_janelas_text-300x112.png 300w, https:\/\/crisjormat.pt\/home\/wp-content\/uploads\/2017\/04\/slide_banner_janelas_text-768x287.png 768w, https:\/\/crisjormat.pt\/home\/wp-content\/uploads\/2017\/04\/slide_banner_janelas_text-1024x382.png 1024w\" sizes=\"auto, (max-width: 3144px) 100vw, 3144px\" \/>\t\t\t\t\t<\/div>\n\t\t\t\t\t\t\t\t\t<\/div>\n\t\t\t<\/div>\n\t\t\t\t\t<\/li>\n\t\t\t\t<li class=\"sow-slider-image  sow-slider-image-cover\" style=\"visibility: hidden;\" data-background=\"url(https:\/\/crisjormat.pt\/home\/wp-content\/uploads\/2017\/04\/slide_banner_portoes.png)\" >\n\t\t\t\t\t\t<div class=\"sow-slider-image-container\">\n\t\t\t\t<div class=\"sow-slider-image-wrapper\" style=\"max-width: 3144px\">\n\t\t\t\t\t\t\t\t\t\t<div class=\"sow-slider-image-foreground-wrapper\">\n\t\t\t\t\t\t<img loading=\"lazy\" decoding=\"async\" width=\"3144\" height=\"1174\" src=\"https:\/\/crisjormat.pt\/home\/wp-content\/uploads\/2017\/04\/slide_banner_portoes_text.png\" class=\"sow-slider-foreground-image\" alt=\"\" style=\"\" srcset=\"https:\/\/crisjormat.pt\/home\/wp-content\/uploads\/2017\/04\/slide_banner_portoes_text.png 3144w, https:\/\/crisjormat.pt\/home\/wp-content\/uploads\/2017\/04\/slide_banner_portoes_text-300x112.png 300w, https:\/\/crisjormat.pt\/home\/wp-content\/uploads\/2017\/04\/slide_banner_portoes_text-768x287.png 768w, https:\/\/crisjormat.pt\/home\/wp-content\/uploads\/2017\/04\/slide_banner_portoes_text-1024x382.png 1024w\" sizes=\"auto, (max-width: 3144px) 100vw, 3144px\" \/>\t\t\t\t\t<\/div>\n\t\t\t\t\t\t\t\t\t<\/div>\n\t\t\t<\/div>\n\t\t\t\t\t<\/li>\n\t\t\t\t<li class=\"sow-slider-image  sow-slider-image-cover\" style=\"visibility: hidden;\" data-background=\"url(https:\/\/crisjormat.pt\/home\/wp-content\/uploads\/2017\/04\/slide_banner_estores.png)\" >\n\t\t\t\t\t\t<div class=\"sow-slider-image-container\">\n\t\t\t\t<div class=\"sow-slider-image-wrapper\" style=\"max-width: 3143px\">\n\t\t\t\t\t\t\t\t\t\t<div class=\"sow-slider-image-foreground-wrapper\">\n\t\t\t\t\t\t<img loading=\"lazy\" decoding=\"async\" width=\"3143\" height=\"1174\" src=\"https:\/\/crisjormat.pt\/home\/wp-content\/uploads\/2017\/04\/slide_banner_estores_text.png\" class=\"sow-slider-foreground-image\" alt=\"\" style=\"\" srcset=\"https:\/\/crisjormat.pt\/home\/wp-content\/uploads\/2017\/04\/slide_banner_estores_text.png 3143w, https:\/\/crisjormat.pt\/home\/wp-content\/uploads\/2017\/04\/slide_banner_estores_text-300x112.png 300w, https:\/\/crisjormat.pt\/home\/wp-content\/uploads\/2017\/04\/slide_banner_estores_text-768x287.png 768w, https:\/\/crisjormat.pt\/home\/wp-content\/uploads\/2017\/04\/slide_banner_estores_text-1024x382.png 1024w\" sizes=\"auto, (max-width: 3143px) 100vw, 3143px\" \/>\t\t\t\t\t<\/div>\n\t\t\t\t\t\t\t\t\t<\/div>\n\t\t\t<\/div>\n\t\t\t\t\t<\/li>\n\t\t<\/ul>\t\t\t\t<ol class=\"sow-slider-pagination\">\n\t\t\t\t\t\t\t\t\t\t\t<li><a href=\"#\" data-goto=\"0\" aria-label=\"Display slide 1\"><\/a><\/li>\n\t\t\t\t\t\t\t\t\t\t\t<li><a href=\"#\" data-goto=\"1\" aria-label=\"Display slide 2\"><\/a><\/li>\n\t\t\t\t\t\t\t\t\t\t\t<li><a href=\"#\" data-goto=\"2\" aria-label=\"Display slide 3\"><\/a><\/li>\n\t\t\t\t\t\t\t\t\t<\/ol>\n\n\t\t\t\t<div class=\"sow-slide-nav sow-slide-nav-next\">\n\t\t\t\t\t<a href=\"#\" data-goto=\"next\" aria-label=\"Next slide\" data-action=\"next\">\n\t\t\t\t\t\t<em class=\"sow-sld-icon-ultra-thin-rounded-right\"><\/em>\n\t\t\t\t\t<\/a>\n\t\t\t\t<\/div>\n\n\t\t\t\t<div class=\"sow-slide-nav sow-slide-nav-prev\">\n\t\t\t\t\t<a href=\"#\" data-goto=\"previous\" aria-label=\"Previous slide\" data-action=\"prev\">\n\t\t\t\t\t\t<em class=\"sow-sld-icon-ultra-thin-rounded-left\"><\/em>\n\t\t\t\t\t<\/a>\n\t\t\t\t<\/div>\n\t\t\t\t<\/div><\/div><\/div><\/div><\/div><\/div><div id=\"pg-17-1\"  class=\"panel-grid panel-has-style\" ><div class=\"siteorigin-panels-stretch panel-row-style panel-row-style-for-17-1\" data-stretch-type=\"full-stretched\" ><div id=\"pgc-17-1-0\"  class=\"panel-grid-cell\" ><div id=\"panel-17-1-0-0\" class=\"so-panel widget widget_sow-headline panel-first-child panel-last-child\" data-index=\"1\" ><div\n\t\t\t\n\t\t\tclass=\"so-widget-sow-headline so-widget-sow-headline-default-09e8c847eedb-17\"\n\t\t\t\n\t\t><div class=\"sow-headline-container \">\n\t\t\t\t\t\t\t<h1 class=\"sow-headline\">\n\t\t\t\t\t\tSeja bem vindo \u00e0 CRISJORMAT\t\t\t\t\t\t<\/h1>\n\t\t\t\t\t\t\t\t\t\t\t<div class=\"decoration\">\n\t\t\t\t\t\t<div class=\"decoration-inside\"><\/div>\n\t\t\t\t\t<\/div>\n\t\t\t\t\t\t\t\t\t\t\t<p class=\"sow-sub-headline\">\n\t\t\t\t\t\tSomos uma empresa especializada na constru\u00e7\u00e3o e montagem de caixilharias de alum\u00ednio, estores, persianas, port\u00f5es e automatismos, tetos falsos e divis\u00f3rias.\t\t\t\t\t\t<\/p>\n\t\t\t\t\t\t<\/div>\n<\/div><\/div><\/div><\/div><\/div><div id=\"pg-17-2\"  class=\"panel-grid panel-no-style\" ><div id=\"pgc-17-2-0\"  class=\"panel-grid-cell\" ><div id=\"panel-17-2-0-0\" class=\"so-panel widget widget_sow-image panel-first-child\" data-index=\"2\" ><div\n\t\t\t\n\t\t\tclass=\"so-widget-sow-image so-widget-sow-image-default-8b5b6f678277-17\"\n\t\t\t\n\t\t>\n<div class=\"sow-image-container\">\n\t\t<img \n\tsrc=\"https:\/\/crisjormat.pt\/home\/wp-content\/uploads\/2017\/04\/home_portasAluminio.png\" width=\"1482\" height=\"1173\" srcset=\"https:\/\/crisjormat.pt\/home\/wp-content\/uploads\/2017\/04\/home_portasAluminio.png 1482w, https:\/\/crisjormat.pt\/home\/wp-content\/uploads\/2017\/04\/home_portasAluminio-300x237.png 300w, https:\/\/crisjormat.pt\/home\/wp-content\/uploads\/2017\/04\/home_portasAluminio-768x608.png 768w, https:\/\/crisjormat.pt\/home\/wp-content\/uploads\/2017\/04\/home_portasAluminio-1024x810.png 1024w\" sizes=\"(max-width: 1482px) 100vw, 1482px\" alt=\"\" \t\tclass=\"so-widget-image\"\/>\n\t<\/div>\n\n<\/div><\/div><div id=\"panel-17-2-0-1\" class=\"so-panel widget widget_sow-editor panel-last-child\" data-index=\"3\" ><div\n\t\t\t\n\t\t\tclass=\"so-widget-sow-editor so-widget-sow-editor-base\"\n\t\t\t\n\t\t><h3 class=\"widget-title\">Portas em alum\u00ednio<\/h3>\n<div class=\"siteorigin-widget-tinymce textwidget\">\n\t<p class=\"widget-title\" style=\"text-align: justify;\">O alum\u00ednio \u00e9 um dos materiais mais utilizados para a constru\u00e7\u00e3o de portas. As portas de alum\u00ednio para interior e exterior oferecem resist\u00eancia e fiabilidade, mantendo as suas caracter\u00edsticas por muitos anos, sem danos provocados pela humidade, calor, sol ou chuva.<\/p><\/div>\n<\/div><\/div><\/div><div id=\"pgc-17-2-1\"  class=\"panel-grid-cell\" ><div id=\"panel-17-2-1-0\" class=\"so-panel widget widget_sow-image panel-first-child\" data-index=\"4\" ><div\n\t\t\t\n\t\t\tclass=\"so-widget-sow-image so-widget-sow-image-default-8b5b6f678277-17\"\n\t\t\t\n\t\t>\n<div class=\"sow-image-container\">\n\t\t<img \n\tsrc=\"https:\/\/crisjormat.pt\/home\/wp-content\/uploads\/2017\/04\/home_janelasPvc.png\" width=\"1482\" height=\"1173\" srcset=\"https:\/\/crisjormat.pt\/home\/wp-content\/uploads\/2017\/04\/home_janelasPvc.png 1482w, https:\/\/crisjormat.pt\/home\/wp-content\/uploads\/2017\/04\/home_janelasPvc-300x237.png 300w, https:\/\/crisjormat.pt\/home\/wp-content\/uploads\/2017\/04\/home_janelasPvc-768x608.png 768w, https:\/\/crisjormat.pt\/home\/wp-content\/uploads\/2017\/04\/home_janelasPvc-1024x810.png 1024w\" sizes=\"(max-width: 1482px) 100vw, 1482px\" alt=\"\" \t\tclass=\"so-widget-image\"\/>\n\t<\/div>\n\n<\/div><\/div><div id=\"panel-17-2-1-1\" class=\"so-panel widget widget_sow-editor panel-last-child\" data-index=\"5\" ><div\n\t\t\t\n\t\t\tclass=\"so-widget-sow-editor so-widget-sow-editor-base\"\n\t\t\t\n\t\t><h3 class=\"widget-title\">Janelas em PVC<\/h3>\n<div class=\"siteorigin-widget-tinymce textwidget\">\n\t<p class=\"widget-title\" style=\"text-align: justify;\">As janelas e portas em PVC s\u00e3o as melhores solu\u00e7\u00f5es do mercado quando o cliente pretende conferir a um determinado espa\u00e7o mais conforto e simultaneamente reduzir a fatura energ\u00e9tica. Isto porque este termopl\u00e1stico \u00e9 mais isolante a n\u00edvel ac\u00fastico e t\u00e9rmico do que, por exemplo, a madeira ou o alum\u00ednio.<\/p>\n<\/div>\n<\/div><\/div><\/div><div id=\"pgc-17-2-2\"  class=\"panel-grid-cell\" ><div id=\"panel-17-2-2-0\" class=\"so-panel widget widget_sow-image panel-first-child\" data-index=\"6\" ><div\n\t\t\t\n\t\t\tclass=\"so-widget-sow-image so-widget-sow-image-default-8b5b6f678277-17\"\n\t\t\t\n\t\t>\n<div class=\"sow-image-container\">\n\t\t<img \n\tsrc=\"https:\/\/crisjormat.pt\/home\/wp-content\/uploads\/2017\/04\/home_estores.png\" width=\"1482\" height=\"1173\" srcset=\"https:\/\/crisjormat.pt\/home\/wp-content\/uploads\/2017\/04\/home_estores.png 1482w, https:\/\/crisjormat.pt\/home\/wp-content\/uploads\/2017\/04\/home_estores-300x237.png 300w, https:\/\/crisjormat.pt\/home\/wp-content\/uploads\/2017\/04\/home_estores-768x608.png 768w, https:\/\/crisjormat.pt\/home\/wp-content\/uploads\/2017\/04\/home_estores-1024x810.png 1024w\" sizes=\"(max-width: 1482px) 100vw, 1482px\" alt=\"\" \t\tclass=\"so-widget-image\"\/>\n\t<\/div>\n\n<\/div><\/div><div id=\"panel-17-2-2-1\" class=\"so-panel widget widget_sow-editor panel-last-child\" data-index=\"7\" ><div\n\t\t\t\n\t\t\tclass=\"so-widget-sow-editor so-widget-sow-editor-base\"\n\t\t\t\n\t\t><h3 class=\"widget-title\">Persianas<\/h3>\n<div class=\"siteorigin-widget-tinymce textwidget\">\n\t<p class=\"widget-title\" style=\"text-align: justify;\">Aproveite para dar um toque personalizado \u00e0 sua decora\u00e7\u00e3o com estores interiores. Estes complementos s\u00e3o perfeitos para poder controlar a entrada de luminosidade nos espa\u00e7os interiores, dar mais privacidade e conseguir uma temperatura mais equilibrada evitando a exposi\u00e7\u00e3o solar direta.<\/p><\/div>\n<\/div><\/div><\/div><\/div><div id=\"pg-17-3\"  class=\"panel-grid panel-has-style\" ><div class=\"siteorigin-panels-stretch panel-row-style panel-row-style-for-17-3\" data-stretch-type=\"full\" ><div id=\"pgc-17-3-0\"  class=\"panel-grid-cell\" ><div id=\"panel-17-3-0-0\" class=\"so-panel widget widget_sow-headline panel-first-child\" data-index=\"8\" ><div\n\t\t\t\n\t\t\tclass=\"so-widget-sow-headline so-widget-sow-headline-default-155b6c67591d-17\"\n\t\t\t\n\t\t><div class=\"sow-headline-container \">\n\t\t\t\t\t\t\t<h1 class=\"sow-headline\">\n\t\t\t\t\t\tPE\u00c7A-NOS UM OR\u00c7AMENTO\t\t\t\t\t\t<\/h1>\n\t\t\t\t\t\t\t\t\t\t\t<div class=\"decoration\">\n\t\t\t\t\t\t<div class=\"decoration-inside\"><\/div>\n\t\t\t\t\t<\/div>\n\t\t\t\t\t\t\t\t\t\t\t<h3 class=\"sow-sub-headline\">\n\t\t\t\t\t\tPe\u00e7a j\u00e1 um or\u00e7amento gr\u00e1tis e garanta os melhores pre\u00e7os em caixilharia de alum\u00ednio e pvc\t\t\t\t\t\t<\/h3>\n\t\t\t\t\t\t<\/div>\n<\/div><\/div><div id=\"panel-17-3-0-1\" class=\"so-panel widget widget_sow-button panel-last-child\" data-index=\"9\" ><div class=\"panel-widget-style panel-widget-style-for-17-3-0-1\" ><div\n\t\t\t\n\t\t\tclass=\"so-widget-sow-button so-widget-sow-button-wire-0f05ed25372e-17\"\n\t\t\t\n\t\t><div class=\"ow-button-base ow-button-align-center\"\n>\n\t\t\t<a\n\t\t\t\t\thref=\"https:\/\/crisjormat.pt\/home\/contactos\/\"\n\t\t\t\t\tclass=\"sowb-button ow-icon-placement-left\" \t>\n\t\t<span>\n\t\t\t\n\t\t\tOR\u00c7AMENTO GR\u00c1TIS\t\t<\/span>\n\t\t\t<\/a>\n\t<\/div>\n<\/div><\/div><\/div><\/div><\/div><\/div><div id=\"pg-17-4\"  class=\"panel-grid panel-no-style\" ><div id=\"pgc-17-4-0\"  class=\"panel-grid-cell\" ><div id=\"panel-17-4-0-0\" class=\"so-panel widget widget_sow-image panel-first-child\" data-index=\"10\" ><div\n\t\t\t\n\t\t\tclass=\"so-widget-sow-image so-widget-sow-image-default-8b5b6f678277-17\"\n\t\t\t\n\t\t>\n<div class=\"sow-image-container\">\n\t\t<img \n\tsrc=\"https:\/\/crisjormat.pt\/home\/wp-content\/uploads\/2017\/04\/home_portoes.png\" width=\"1482\" height=\"1173\" srcset=\"https:\/\/crisjormat.pt\/home\/wp-content\/uploads\/2017\/04\/home_portoes.png 1482w, https:\/\/crisjormat.pt\/home\/wp-content\/uploads\/2017\/04\/home_portoes-300x237.png 300w, https:\/\/crisjormat.pt\/home\/wp-content\/uploads\/2017\/04\/home_portoes-768x608.png 768w, https:\/\/crisjormat.pt\/home\/wp-content\/uploads\/2017\/04\/home_portoes-1024x810.png 1024w\" sizes=\"(max-width: 1482px) 100vw, 1482px\" alt=\"\" \t\tclass=\"so-widget-image\"\/>\n\t<\/div>\n\n<\/div><\/div><div id=\"panel-17-4-0-1\" class=\"so-panel widget widget_sow-editor panel-last-child\" data-index=\"11\" ><div\n\t\t\t\n\t\t\tclass=\"so-widget-sow-editor so-widget-sow-editor-base\"\n\t\t\t\n\t\t><h3 class=\"widget-title\">Port\u00f5es e automatismos<\/h3>\n<div class=\"siteorigin-widget-tinymce textwidget\">\n\t<p style=\"text-align: justify;\">Abra o seu port\u00e3o comodamente a partir do interior do seu carro. N\u00e3o deixe que o acesso \u00e0 sua habita\u00e7\u00e3o seja um constrangimento di\u00e1rio.\u00a0Os port\u00f5es necessitam de automatismos flex\u00edveis, capazes de controlar v\u00e1rias dimens\u00f5es, diversas intensidades de passagem e variadas situa\u00e7\u00f5es ambientais, garantindo sempre as m\u00e1ximas condi\u00e7\u00f5es de seguran\u00e7a operacional, de funcionalidade e de confian\u00e7a.<\/p>\n<\/div>\n<\/div><\/div><\/div><div id=\"pgc-17-4-1\"  class=\"panel-grid-cell\" ><div id=\"panel-17-4-1-0\" class=\"so-panel widget widget_sow-image panel-first-child\" data-index=\"12\" ><div\n\t\t\t\n\t\t\tclass=\"so-widget-sow-image so-widget-sow-image-default-8b5b6f678277-17\"\n\t\t\t\n\t\t>\n<div class=\"sow-image-container\">\n\t\t<img \n\tsrc=\"https:\/\/crisjormat.pt\/home\/wp-content\/uploads\/2017\/04\/home_tetosFalsos.png\" width=\"1482\" height=\"1173\" srcset=\"https:\/\/crisjormat.pt\/home\/wp-content\/uploads\/2017\/04\/home_tetosFalsos.png 1482w, https:\/\/crisjormat.pt\/home\/wp-content\/uploads\/2017\/04\/home_tetosFalsos-300x237.png 300w, https:\/\/crisjormat.pt\/home\/wp-content\/uploads\/2017\/04\/home_tetosFalsos-768x608.png 768w, https:\/\/crisjormat.pt\/home\/wp-content\/uploads\/2017\/04\/home_tetosFalsos-1024x810.png 1024w\" sizes=\"(max-width: 1482px) 100vw, 1482px\" alt=\"\" \t\tclass=\"so-widget-image\"\/>\n\t<\/div>\n\n<\/div><\/div><div id=\"panel-17-4-1-1\" class=\"so-panel widget widget_sow-editor panel-last-child\" data-index=\"13\" ><div\n\t\t\t\n\t\t\tclass=\"so-widget-sow-editor so-widget-sow-editor-base\"\n\t\t\t\n\t\t><h3 class=\"widget-title\">Tetos falsos e divis\u00f3rias<\/h3>\n<div class=\"siteorigin-widget-tinymce textwidget\">\n\t<p style=\"text-align: justify;\">D\u00ea um ambiente mais moderno ao seu espa\u00e7o fazendo um revestimento do seu tecto com placas de gesso cartonado. Melhore a ac\u00fastica e t\u00e9rmica da \u00e1rea envolvente, atrav\u00e9s da aplica\u00e7\u00e3o de divis\u00f3rias com isolamento.<\/p><\/div>\n<\/div><\/div><\/div><div id=\"pgc-17-4-2\"  class=\"panel-grid-cell\" ><div id=\"panel-17-4-2-0\" class=\"so-panel widget widget_sow-image panel-first-child\" data-index=\"14\" ><div\n\t\t\t\n\t\t\tclass=\"so-widget-sow-image so-widget-sow-image-default-8b5b6f678277-17\"\n\t\t\t\n\t\t>\n<div class=\"sow-image-container\">\n\t\t<img \n\tsrc=\"https:\/\/crisjormat.pt\/home\/wp-content\/uploads\/2017\/04\/home_vidosEspelhos.png\" width=\"1482\" height=\"1173\" srcset=\"https:\/\/crisjormat.pt\/home\/wp-content\/uploads\/2017\/04\/home_vidosEspelhos.png 1482w, https:\/\/crisjormat.pt\/home\/wp-content\/uploads\/2017\/04\/home_vidosEspelhos-300x237.png 300w, https:\/\/crisjormat.pt\/home\/wp-content\/uploads\/2017\/04\/home_vidosEspelhos-768x608.png 768w, https:\/\/crisjormat.pt\/home\/wp-content\/uploads\/2017\/04\/home_vidosEspelhos-1024x810.png 1024w\" sizes=\"(max-width: 1482px) 100vw, 1482px\" alt=\"\" \t\tclass=\"so-widget-image\"\/>\n\t<\/div>\n\n<\/div><\/div><div id=\"panel-17-4-2-1\" class=\"so-panel widget widget_sow-editor panel-last-child\" data-index=\"15\" ><div\n\t\t\t\n\t\t\tclass=\"so-widget-sow-editor so-widget-sow-editor-base\"\n\t\t\t\n\t\t><h3 class=\"widget-title\">Vidros e espelhos<\/h3>\n<div class=\"siteorigin-widget-tinymce textwidget\">\n\t<p style=\"text-align: justify;\">Todos os tipos de vidro t\u00eam especial import\u00e2ncia j\u00e1 que s\u00e3o o elemento de obra mais representativo e d\u00e9bil nas fachadas. Por este motivo \u00e9 considerado o elemento com as maiores capacidades de possibilitar a realiza\u00e7\u00e3o de poupan\u00e7a de energia em qualquer tipo ou sistema de caixilharia.<\/p><\/div>\n<\/div><\/div><\/div><\/div><div id=\"pg-17-5\"  class=\"panel-grid panel-has-style\" ><div class=\"panel-row-style panel-row-style-for-17-5\" ><div id=\"pgc-17-5-0\"  class=\"panel-grid-cell\" ><div id=\"panel-17-5-0-0\" class=\"so-panel widget widget_sow-features panel-first-child\" data-index=\"16\" ><div\n\t\t\t\n\t\t\tclass=\"so-widget-sow-features so-widget-sow-features-default-a2525d48e4f4-17\"\n\t\t\t\n\t\t><ul\n\tclass=\"sow-features-list\n\tsow-features-responsive\">\n\n\t\t\t<li\n\t\t\tclass=\"sow-features-feature sow-icon-container-position-top\"\n\t\t\tstyle=\"display: flex; flex-direction: column; width: calc(33.333% - 25px);\"\n\t\t>\n\t\t\t\n\t\t\t\t\t\t<a\t\t\t\tclass=\"sow-icon-container sow-container-sticker\"\n\t\t\t\tstyle=\"color: #46bae7; \"\n\t\t\t\t\n\t\t\t\t\t\t\t\t\thref=\"https:\/\/crisjormat.pt\/home\/contactos\/\"\n\t\t\t\t\t\t\t\t>\n\t\t\t\t<span class=\"sow-icon-fontawesome sow-far\" data-sow-icon=\"&#xf044;\"\n\t\tstyle=\"font-size: 64px; color: #FFFFFF\" \n\t\taria-hidden=\"true\"><\/span>\t\t\t<\/a>\n\n\t\t\t<div class=\"textwidget\">\n\t\t\t\t\n\t\t\t\t\t\t\t\t\t<h5 class=\"sow-features-feature-title\">\n\t\t\t\t\t\tPROJETO\t\t\t\t\t<\/h5>\n\t\t\t\t\n\t\t\t\t\t\t\t\t\t<div class=\"sow-features-feature-text\">\n\t\t\t\t\t<p>Sugerimos as melhores op\u00e7\u00f5es de mercado para o seu novo espa\u00e7o.\u00a0Trabalhamos para ir ao encontro das suas necessidades.<\/p>\n\t\t\t\t\t<\/div>\n\t\t\t\t\t\t\t\t<\/div>\n\t\t\t\t\t\t\t\t<\/li>\n\n\t\t\t<li\n\t\t\tclass=\"sow-features-feature sow-icon-container-position-top\"\n\t\t\tstyle=\"display: flex; flex-direction: column; width: calc(33.333% - 25px);\"\n\t\t>\n\t\t\t\n\t\t\t\t\t\t<a\t\t\t\tclass=\"sow-icon-container sow-container-sticker\"\n\t\t\t\tstyle=\"color: #46bae7; \"\n\t\t\t\t\n\t\t\t\t\t\t\t\t\thref=\"https:\/\/crisjormat.pt\/home\/contactos\/\"\n\t\t\t\t\t\t\t\t>\n\t\t\t\t<span class=\"sow-icon-fontawesome sow-fas\" data-sow-icon=\"&#x24;\"\n\t\tstyle=\"font-size: 64px; color: #ffffff\" \n\t\taria-hidden=\"true\"><\/span>\t\t\t<\/a>\n\n\t\t\t<div class=\"textwidget\">\n\t\t\t\t\n\t\t\t\t\t\t\t\t\t<h5 class=\"sow-features-feature-title\">\n\t\t\t\t\t\tOR\u00c7AMENTO\t\t\t\t\t<\/h5>\n\t\t\t\t\n\t\t\t\t\t\t\t\t\t<div class=\"sow-features-feature-text\">\n\t\t\t\t\t<p class=\"sow-sub-headline\">Pe\u00e7a j\u00e1 um or\u00e7amento gr\u00e1tis e garanta os melhores pre\u00e7os numa vasta gama de servi\u00e7os.<\/p>\n\t\t\t\t\t<\/div>\n\t\t\t\t\t\t\t\t<\/div>\n\t\t\t\t\t\t\t\t<\/li>\n\n\t\t\t<li\n\t\t\tclass=\"sow-features-feature sow-icon-container-position-top\"\n\t\t\tstyle=\"display: flex; flex-direction: column; width: calc(33.333% - 25px);\"\n\t\t>\n\t\t\t\n\t\t\t\t\t\t<div\t\t\t\tclass=\"sow-icon-container sow-container-sticker\"\n\t\t\t\tstyle=\"color: #46bae7; \"\n\t\t\t\t\n\t\t\t\t\t\t\t>\n\t\t\t\t<span class=\"sow-icon-fontawesome sow-fas\" data-sow-icon=\"&#xf095;\"\n\t\tstyle=\"font-size: 64px; color: #FFFFFF\" \n\t\taria-hidden=\"true\"><\/span>\t\t\t<\/div>\n\n\t\t\t<div class=\"textwidget\">\n\t\t\t\t\n\t\t\t\t\t\t\t\t\t<h5 class=\"sow-features-feature-title\">\n\t\t\t\t\t\tASSIST\u00caNCIA T\u00c9CNICA\t\t\t\t\t<\/h5>\n\t\t\t\t\n\t\t\t\t\t\t\t\t\t<div class=\"sow-features-feature-text\">\n\t\t\t\t\t<h3><a href=\"tel:937045468\">937 045 468<\/a><\/h3>\n<p>Custo Rede M\u00f3vel Nacional<\/p>\n\t\t\t\t\t<\/div>\n\t\t\t\t\t\t\t\t<\/div>\n\t\t\t\t\t\t\t\t<\/li>\n\n\t<\/ul>\n<\/div><\/div><div id=\"panel-17-5-0-1\" class=\"so-panel widget widget_sow-layout-slider panel-last-child\" data-index=\"17\" ><div\n\t\t\t\n\t\t\tclass=\"so-widget-sow-layout-slider so-widget-sow-layout-slider-default-696303f60fcc-17\"\n\t\t\t\n\t\t>\t\t\t\t<div class=\"sow-slider-base\" style=\"display: none\" tabindex=\"0\">\n\t\t\t\t\t<ul\n\t\t\t\t\tclass=\"sow-slider-images\"\n\t\t\t\t\tdata-settings=\"{&quot;pagination&quot;:true,&quot;speed&quot;:800,&quot;timeout&quot;:8000,&quot;paused&quot;:false,&quot;pause_on_hover&quot;:false,&quot;swipe&quot;:true,&quot;nav_always_show_desktop&quot;:&quot;&quot;,&quot;nav_always_show_mobile&quot;:&quot;&quot;,&quot;breakpoint&quot;:&quot;780px&quot;,&quot;unmute&quot;:false,&quot;anchor&quot;:null}\"\n\t\t\t\t\t\t\t\t\t\tdata-anchor-id=\"\"\n\t\t\t\t><\/ul>\t\t\t\t<ol class=\"sow-slider-pagination\">\n\t\t\t\t\t\t\t\t\t<\/ol>\n\n\t\t\t\t<div class=\"sow-slide-nav sow-slide-nav-next\">\n\t\t\t\t\t<a href=\"#\" data-goto=\"next\" aria-label=\"Next slide\" data-action=\"next\">\n\t\t\t\t\t\t<em class=\"sow-sld-icon-thin-right\"><\/em>\n\t\t\t\t\t<\/a>\n\t\t\t\t<\/div>\n\n\t\t\t\t<div class=\"sow-slide-nav sow-slide-nav-prev\">\n\t\t\t\t\t<a href=\"#\" data-goto=\"previous\" aria-label=\"Previous slide\" data-action=\"prev\">\n\t\t\t\t\t\t<em class=\"sow-sld-icon-thin-left\"><\/em>\n\t\t\t\t\t<\/a>\n\t\t\t\t<\/div>\n\t\t\t\t<\/div><\/div><\/div><\/div><\/div><\/div><\/div>","protected":false},"excerpt":{"rendered":"<p>Seja bem vindo \u00e0 CRISJORMAT Somos uma empresa especializada na constru\u00e7\u00e3o e montagem de caixilharias de alum\u00ednio, estores, persianas, port\u00f5es [&hellip;]<\/p>\n","protected":false},"author":2,"featured_media":0,"parent":0,"menu_order":0,"comment_status":"closed","ping_status":"closed","template":"","meta":{"footnotes":""},"class_list":["post-17","page","type-page","status-publish","hentry"],"_links":{"self":[{"href":"https:\/\/crisjormat.pt\/home\/wp-json\/wp\/v2\/pages\/17","targetHints":{"allow":["GET"]}}],"collection":[{"href":"https:\/\/crisjormat.pt\/home\/wp-json\/wp\/v2\/pages"}],"about":[{"href":"https:\/\/crisjormat.pt\/home\/wp-json\/wp\/v2\/types\/page"}],"author":[{"embeddable":true,"href":"https:\/\/crisjormat.pt\/home\/wp-json\/wp\/v2\/users\/2"}],"replies":[{"embeddable":true,"href":"https:\/\/crisjormat.pt\/home\/wp-json\/wp\/v2\/comments?post=17"}],"version-history":[{"count":116,"href":"https:\/\/crisjormat.pt\/home\/wp-json\/wp\/v2\/pages\/17\/revisions"}],"predecessor-version":[{"id":953,"href":"https:\/\/crisjormat.pt\/home\/wp-json\/wp\/v2\/pages\/17\/revisions\/953"}],"wp:attachment":[{"href":"https:\/\/crisjormat.pt\/home\/wp-json\/wp\/v2\/media?parent=17"}],"curies":[{"name":"wp","href":"https:\/\/api.w.org\/{rel}","templated":true}]}}