{"id":18,"date":"2017-04-03T21:18:52","date_gmt":"2017-04-03T21:18:52","guid":{"rendered":"http:\/\/crisjormat.pt\/home\/?page_id=18"},"modified":"2020-01-17T10:13:40","modified_gmt":"2020-01-17T10:13:40","slug":"sobre","status":"publish","type":"page","link":"https:\/\/crisjormat.pt\/home\/sobre\/","title":{"rendered":"Sobre"},"content":{"rendered":"<div id=\"pl-18\"  class=\"panel-layout\" ><div id=\"pg-18-0\"  class=\"panel-grid panel-no-style\" ><div id=\"pgc-18-0-0\"  class=\"panel-grid-cell\" ><div id=\"panel-18-0-0-0\" class=\"so-panel widget widget_sow-image panel-first-child\" data-index=\"0\" ><div\n\t\t\t\n\t\t\tclass=\"so-widget-sow-image so-widget-sow-image-default-8b5b6f678277-18\"\n\t\t\t\n\t\t>\n<div class=\"sow-image-container\">\n\t\t<img \n\tsrc=\"https:\/\/crisjormat.pt\/home\/wp-content\/uploads\/2017\/04\/sede_crisjormat.jpg\" width=\"798\" height=\"415\" srcset=\"https:\/\/crisjormat.pt\/home\/wp-content\/uploads\/2017\/04\/sede_crisjormat.jpg 798w, https:\/\/crisjormat.pt\/home\/wp-content\/uploads\/2017\/04\/sede_crisjormat-300x156.jpg 300w, https:\/\/crisjormat.pt\/home\/wp-content\/uploads\/2017\/04\/sede_crisjormat-768x399.jpg 768w\" sizes=\"(max-width: 798px) 100vw, 798px\" alt=\"\" \t\tclass=\"so-widget-image\"\/>\n\t<\/div>\n\n<\/div><\/div><div id=\"panel-18-0-0-1\" class=\"so-panel widget widget_sow-editor panel-last-child\" data-index=\"1\" ><div\n\t\t\t\n\t\t\tclass=\"so-widget-sow-editor so-widget-sow-editor-base\"\n\t\t\t\n\t\t>\n<div class=\"siteorigin-widget-tinymce textwidget\">\n\t<h3>\u00a0CRISJORMAT<\/h3>\n<p style=\"text-align: justify;\">A Crisjormat - Com\u00e9rcio de Materiais e Servi\u00e7os para Constru\u00e7\u00e3o Civil, com sede no litoral alentejano, \u00e9 uma empresa s\u00f3lida e moderna que est\u00e1 a funcionar no mercado desde 2005.\u00a0Detendo a representa\u00e7\u00e3o das melhores\u00a0marcas nacionais e estrangeiras, com t\u00e9cnicos credenciados,\u00a0dispomos de aptid\u00e3o certificada para elabora\u00e7\u00e3o e planifica\u00e7\u00e3o de qualquer projeto, obra ou remodela\u00e7\u00e3o.<\/p>\n<h3 style=\"text-align: justify;\">PROFISSIONALISMO<\/h3>\n<p style=\"text-align: justify;\">Apostamos e investimos na forma\u00e7\u00e3o de t\u00e9cnicos qualificados para cumprir com os desafios de uma sociedade em constante evolu\u00e7\u00e3o.<\/p>\n<h3 style=\"text-align: justify;\">QUALIDADE<\/h3>\n<p style=\"text-align: justify;\">Os produtos utilizados est\u00e3o certificados de acordo com as normas europeias CE.<\/p>\n<h3 style=\"text-align: justify;\">EFICI\u00caNCIA ENERG\u00c9TICA<\/h3>\n<p style=\"text-align: justify;\">Trabalhamos e aconselhamos os nossos clientes sempre com vista \u00e0 melhoria da efici\u00eancia energ\u00e9tica da sua habita\u00e7\u00e3o.<\/p>\n<\/div>\n<\/div><\/div><\/div><div id=\"pgc-18-0-1\"  class=\"panel-grid-cell\" ><div id=\"panel-18-0-1-0\" class=\"so-panel widget widget_sow-editor panel-first-child\" data-index=\"2\" ><div\n\t\t\t\n\t\t\tclass=\"so-widget-sow-editor so-widget-sow-editor-base\"\n\t\t\t\n\t\t><h3 class=\"widget-title\">O Grupo<\/h3>\n<div class=\"siteorigin-widget-tinymce textwidget\">\n\t<\/div>\n<\/div><\/div><div id=\"panel-18-0-1-1\" class=\"so-panel widget widget_sow-image\" data-index=\"3\" ><div\n\t\t\t\n\t\t\tclass=\"so-widget-sow-image so-widget-sow-image-default-8b5b6f678277-18\"\n\t\t\t\n\t\t>\n<div class=\"sow-image-container\">\n\t\t<img \n\tsrc=\"https:\/\/crisjormat.pt\/home\/wp-content\/uploads\/2020\/01\/equipa_crisjormat.jpg\" width=\"1548\" height=\"1026\" srcset=\"https:\/\/crisjormat.pt\/home\/wp-content\/uploads\/2020\/01\/equipa_crisjormat.jpg 1548w, https:\/\/crisjormat.pt\/home\/wp-content\/uploads\/2020\/01\/equipa_crisjormat-300x199.jpg 300w, https:\/\/crisjormat.pt\/home\/wp-content\/uploads\/2020\/01\/equipa_crisjormat-1024x679.jpg 1024w, https:\/\/crisjormat.pt\/home\/wp-content\/uploads\/2020\/01\/equipa_crisjormat-768x509.jpg 768w, https:\/\/crisjormat.pt\/home\/wp-content\/uploads\/2020\/01\/equipa_crisjormat-1536x1018.jpg 1536w\" sizes=\"(max-width: 1548px) 100vw, 1548px\" alt=\"\" \t\tclass=\"so-widget-image\"\/>\n\t<\/div>\n\n<\/div><\/div><div id=\"panel-18-0-1-2\" class=\"so-panel widget widget_pagesinwidgets_page_section pagesinwidgets_page_section panel-last-child\" data-index=\"4\" ><h2 class=\"widget-title widgettitle\">Facebook<\/h2>\t\t\t<div class=\"homepage_section\">\r\n\t\t\t\t<div id=\"pl-147\"  class=\"panel-layout\" ><div id=\"pg-147-0\"  class=\"panel-grid panel-no-style\" ><div id=\"pgc-147-0-0\"  class=\"panel-grid-cell\" ><div id=\"panel-147-0-0-0\" class=\"widget_text so-panel widget widget_custom_html panel-first-child panel-last-child\" data-index=\"0\" ><div class=\"textwidget custom-html-widget\"><iframe loading=\"lazy\" src=\"https:\/\/www.facebook.com\/plugins\/page.php?href=https%3A%2F%2Fwww.facebook.com%2Fcrisjormat%2F&tabs=timeline&width=340&height=500&small_header=true&adapt_container_width=true&hide_cover=false&show_facepile=true&appId=2128519710706903\" width=\"100%\" height=\"500\" style=\"border:none;overflow:hidden\" scrolling=\"no\" frameborder=\"0\" allowTransparency=\"true\" allow=\"encrypted-media\"><\/iframe><\/div><\/div><\/div><\/div><\/div>\t\t\t\t<\/div>\r\n\t\t\t<\/div><\/div><\/div><\/div>","protected":false},"excerpt":{"rendered":"<p>\u00a0CRISJORMAT A Crisjormat &#8211; Com\u00e9rcio de Materiais e Servi\u00e7os para Constru\u00e7\u00e3o Civil, com sede no litoral alentejano, \u00e9 uma empresa [&hellip;]<\/p>\n","protected":false},"author":2,"featured_media":0,"parent":0,"menu_order":0,"comment_status":"closed","ping_status":"closed","template":"","meta":{"footnotes":""},"class_list":["post-18","page","type-page","status-publish","hentry"],"_links":{"self":[{"href":"https:\/\/crisjormat.pt\/home\/wp-json\/wp\/v2\/pages\/18","targetHints":{"allow":["GET"]}}],"collection":[{"href":"https:\/\/crisjormat.pt\/home\/wp-json\/wp\/v2\/pages"}],"about":[{"href":"https:\/\/crisjormat.pt\/home\/wp-json\/wp\/v2\/types\/page"}],"author":[{"embeddable":true,"href":"https:\/\/crisjormat.pt\/home\/wp-json\/wp\/v2\/users\/2"}],"replies":[{"embeddable":true,"href":"https:\/\/crisjormat.pt\/home\/wp-json\/wp\/v2\/comments?post=18"}],"version-history":[{"count":43,"href":"https:\/\/crisjormat.pt\/home\/wp-json\/wp\/v2\/pages\/18\/revisions"}],"predecessor-version":[{"id":930,"href":"https:\/\/crisjormat.pt\/home\/wp-json\/wp\/v2\/pages\/18\/revisions\/930"}],"wp:attachment":[{"href":"https:\/\/crisjormat.pt\/home\/wp-json\/wp\/v2\/media?parent=18"}],"curies":[{"name":"wp","href":"https:\/\/api.w.org\/{rel}","templated":true}]}}