{"id":618,"date":"2017-05-09T03:04:11","date_gmt":"2017-05-09T03:04:11","guid":{"rendered":"http:\/\/crisjormat.pt\/home\/?page_id=618"},"modified":"2017-05-15T15:50:23","modified_gmt":"2017-05-15T15:50:23","slug":"portoes","status":"publish","type":"page","link":"https:\/\/crisjormat.pt\/home\/servicos\/portoes\/","title":{"rendered":"Port\u00f5es e automatismos"},"content":{"rendered":"<div id=\"pl-618\"  class=\"panel-layout\" ><div id=\"pg-618-0\"  class=\"panel-grid panel-no-style\" ><div id=\"pgc-618-0-0\"  class=\"panel-grid-cell\" ><div id=\"panel-618-0-0-0\" class=\"so-panel widget widget_sow-editor panel-first-child panel-last-child\" data-index=\"0\" ><div\n\t\t\t\n\t\t\tclass=\"so-widget-sow-editor so-widget-sow-editor-base\"\n\t\t\t\n\t\t><h3 class=\"widget-title\">Port\u00f5es<\/h3>\n<div class=\"siteorigin-widget-tinymce textwidget\">\n\t<\/div>\n<\/div><\/div><\/div><\/div><div id=\"pg-618-1\"  class=\"panel-grid panel-no-style\" ><div id=\"pgc-618-1-0\"  class=\"panel-grid-cell\" ><div id=\"panel-618-1-0-0\" class=\"so-panel widget widget_sow-image panel-first-child\" data-index=\"1\" ><div\n\t\t\t\n\t\t\tclass=\"so-widget-sow-image so-widget-sow-image-default-c67d20f9f743-618\"\n\t\t\t\n\t\t>\n<div class=\"sow-image-container\">\n\t\t<img \n\tsrc=\"https:\/\/crisjormat.pt\/home\/wp-content\/uploads\/2017\/05\/portao_aluminio.png\" width=\"1482\" height=\"1266\" srcset=\"https:\/\/crisjormat.pt\/home\/wp-content\/uploads\/2017\/05\/portao_aluminio.png 1482w, https:\/\/crisjormat.pt\/home\/wp-content\/uploads\/2017\/05\/portao_aluminio-300x256.png 300w, https:\/\/crisjormat.pt\/home\/wp-content\/uploads\/2017\/05\/portao_aluminio-768x656.png 768w, https:\/\/crisjormat.pt\/home\/wp-content\/uploads\/2017\/05\/portao_aluminio-1024x875.png 1024w\" sizes=\"(max-width: 1482px) 100vw, 1482px\" alt=\"\" \t\tclass=\"so-widget-image\"\/>\n\t<\/div>\n\n<h3 class=\"widget-title\"><\/h3><\/div><\/div><div id=\"panel-618-1-0-1\" class=\"so-panel widget widget_sow-editor panel-last-child\" data-index=\"2\" ><div\n\t\t\t\n\t\t\tclass=\"so-widget-sow-editor so-widget-sow-editor-base\"\n\t\t\t\n\t\t>\n<div class=\"siteorigin-widget-tinymce textwidget\">\n\t<h6 style=\"text-align: center;\">Port\u00f5es de alum\u00ednio<\/h6>\n<\/div>\n<\/div><\/div><\/div><div id=\"pgc-618-1-1\"  class=\"panel-grid-cell\" ><div id=\"panel-618-1-1-0\" class=\"so-panel widget widget_sow-image panel-first-child\" data-index=\"3\" ><div\n\t\t\t\n\t\t\tclass=\"so-widget-sow-image so-widget-sow-image-default-c67d20f9f743-618\"\n\t\t\t\n\t\t>\n<div class=\"sow-image-container\">\n\t\t<img \n\tsrc=\"https:\/\/crisjormat.pt\/home\/wp-content\/uploads\/2017\/05\/portao_basculante.png\" width=\"1482\" height=\"1244\" srcset=\"https:\/\/crisjormat.pt\/home\/wp-content\/uploads\/2017\/05\/portao_basculante.png 1482w, https:\/\/crisjormat.pt\/home\/wp-content\/uploads\/2017\/05\/portao_basculante-300x252.png 300w, https:\/\/crisjormat.pt\/home\/wp-content\/uploads\/2017\/05\/portao_basculante-768x645.png 768w, https:\/\/crisjormat.pt\/home\/wp-content\/uploads\/2017\/05\/portao_basculante-1024x860.png 1024w\" sizes=\"(max-width: 1482px) 100vw, 1482px\" alt=\"\" \t\tclass=\"so-widget-image\"\/>\n\t<\/div>\n\n<h3 class=\"widget-title\"><\/h3><\/div><\/div><div id=\"panel-618-1-1-1\" class=\"so-panel widget widget_sow-editor panel-last-child\" data-index=\"4\" ><div\n\t\t\t\n\t\t\tclass=\"so-widget-sow-editor so-widget-sow-editor-base\"\n\t\t\t\n\t\t>\n<div class=\"siteorigin-widget-tinymce textwidget\">\n\t<h6 style=\"text-align: center;\">Port\u00f5es basculantes<\/h6>\n<\/div>\n<\/div><\/div><\/div><div id=\"pgc-618-1-2\"  class=\"panel-grid-cell\" ><div id=\"panel-618-1-2-0\" class=\"so-panel widget widget_sow-image panel-first-child\" data-index=\"5\" ><div\n\t\t\t\n\t\t\tclass=\"so-widget-sow-image so-widget-sow-image-default-c67d20f9f743-618\"\n\t\t\t\n\t\t>\n<div class=\"sow-image-container\">\n\t\t<img \n\tsrc=\"https:\/\/crisjormat.pt\/home\/wp-content\/uploads\/2017\/05\/portao_seccionado.png\" width=\"1482\" height=\"1244\" srcset=\"https:\/\/crisjormat.pt\/home\/wp-content\/uploads\/2017\/05\/portao_seccionado.png 1482w, https:\/\/crisjormat.pt\/home\/wp-content\/uploads\/2017\/05\/portao_seccionado-300x252.png 300w, https:\/\/crisjormat.pt\/home\/wp-content\/uploads\/2017\/05\/portao_seccionado-768x645.png 768w, https:\/\/crisjormat.pt\/home\/wp-content\/uploads\/2017\/05\/portao_seccionado-1024x860.png 1024w\" sizes=\"(max-width: 1482px) 100vw, 1482px\" alt=\"\" \t\tclass=\"so-widget-image\"\/>\n\t<\/div>\n\n<h3 class=\"widget-title\"><\/h3><\/div><\/div><div id=\"panel-618-1-2-1\" class=\"so-panel widget widget_sow-editor panel-last-child\" data-index=\"6\" ><div\n\t\t\t\n\t\t\tclass=\"so-widget-sow-editor so-widget-sow-editor-base\"\n\t\t\t\n\t\t>\n<div class=\"siteorigin-widget-tinymce textwidget\">\n\t<h6 style=\"text-align: center;\">Port\u00f5es seccionados<\/h6>\n<\/div>\n<\/div><\/div><\/div><\/div><div id=\"pg-618-2\"  class=\"panel-grid panel-no-style\" ><div id=\"pgc-618-2-0\"  class=\"panel-grid-cell\" ><div id=\"panel-618-2-0-0\" class=\"so-panel widget widget_sow-editor panel-first-child panel-last-child\" data-index=\"7\" ><div\n\t\t\t\n\t\t\tclass=\"so-widget-sow-editor so-widget-sow-editor-base\"\n\t\t\t\n\t\t><h3 class=\"widget-title\">Automatismos<\/h3>\n<div class=\"siteorigin-widget-tinymce textwidget\">\n\t<\/div>\n<\/div><\/div><\/div><\/div><div id=\"pg-618-3\"  class=\"panel-grid panel-no-style\" ><div id=\"pgc-618-3-0\"  class=\"panel-grid-cell\" ><div id=\"panel-618-3-0-0\" class=\"so-panel widget widget_sow-image panel-first-child\" data-index=\"8\" ><div\n\t\t\t\n\t\t\tclass=\"so-widget-sow-image so-widget-sow-image-default-c67d20f9f743-618\"\n\t\t\t\n\t\t>\n<div class=\"sow-image-container\">\n\t\t<img \n\tsrc=\"https:\/\/crisjormat.pt\/home\/wp-content\/uploads\/2017\/05\/automatismo_de_correr.png\" width=\"1482\" height=\"1243\" srcset=\"https:\/\/crisjormat.pt\/home\/wp-content\/uploads\/2017\/05\/automatismo_de_correr.png 1482w, https:\/\/crisjormat.pt\/home\/wp-content\/uploads\/2017\/05\/automatismo_de_correr-300x252.png 300w, https:\/\/crisjormat.pt\/home\/wp-content\/uploads\/2017\/05\/automatismo_de_correr-768x644.png 768w, https:\/\/crisjormat.pt\/home\/wp-content\/uploads\/2017\/05\/automatismo_de_correr-1024x859.png 1024w\" sizes=\"(max-width: 1482px) 100vw, 1482px\" alt=\"\" \t\tclass=\"so-widget-image\"\/>\n\t<\/div>\n\n<h3 class=\"widget-title\"><\/h3><\/div><\/div><div id=\"panel-618-3-0-1\" class=\"so-panel widget widget_sow-editor panel-last-child\" data-index=\"9\" ><div\n\t\t\t\n\t\t\tclass=\"so-widget-sow-editor so-widget-sow-editor-base\"\n\t\t\t\n\t\t>\n<div class=\"siteorigin-widget-tinymce textwidget\">\n\t<h6 style=\"text-align: center;\">Automatismo de correr<\/h6>\n<\/div>\n<\/div><\/div><\/div><div id=\"pgc-618-3-1\"  class=\"panel-grid-cell\" ><div id=\"panel-618-3-1-0\" class=\"so-panel widget widget_sow-image panel-first-child\" data-index=\"10\" ><div\n\t\t\t\n\t\t\tclass=\"so-widget-sow-image so-widget-sow-image-default-c67d20f9f743-618\"\n\t\t\t\n\t\t>\n<div class=\"sow-image-container\">\n\t\t<img \n\tsrc=\"https:\/\/crisjormat.pt\/home\/wp-content\/uploads\/2017\/04\/servicos_portoesAutomatismos.png\" width=\"1482\" height=\"1244\" srcset=\"https:\/\/crisjormat.pt\/home\/wp-content\/uploads\/2017\/04\/servicos_portoesAutomatismos.png 1482w, https:\/\/crisjormat.pt\/home\/wp-content\/uploads\/2017\/04\/servicos_portoesAutomatismos-300x252.png 300w, https:\/\/crisjormat.pt\/home\/wp-content\/uploads\/2017\/04\/servicos_portoesAutomatismos-768x645.png 768w, https:\/\/crisjormat.pt\/home\/wp-content\/uploads\/2017\/04\/servicos_portoesAutomatismos-1024x860.png 1024w\" sizes=\"(max-width: 1482px) 100vw, 1482px\" alt=\"\" \t\tclass=\"so-widget-image\"\/>\n\t<\/div>\n\n<h3 class=\"widget-title\"><\/h3><\/div><\/div><div id=\"panel-618-3-1-1\" class=\"so-panel widget widget_sow-editor panel-last-child\" data-index=\"11\" ><div\n\t\t\t\n\t\t\tclass=\"so-widget-sow-editor so-widget-sow-editor-base\"\n\t\t\t\n\t\t>\n<div class=\"siteorigin-widget-tinymce textwidget\">\n\t<h6 style=\"text-align: center;\">Automatismo de pivo<\/h6>\n<\/div>\n<\/div><\/div><\/div><div id=\"pgc-618-3-2\"  class=\"panel-grid-cell\" ><div id=\"panel-618-3-2-0\" class=\"so-panel widget widget_sow-image panel-first-child\" data-index=\"12\" ><div\n\t\t\t\n\t\t\tclass=\"so-widget-sow-image so-widget-sow-image-default-c67d20f9f743-618\"\n\t\t\t\n\t\t>\n<div class=\"sow-image-container\">\n\t\t<img \n\tsrc=\"https:\/\/crisjormat.pt\/home\/wp-content\/uploads\/2017\/05\/automatismo_teto.png\" width=\"1482\" height=\"1244\" srcset=\"https:\/\/crisjormat.pt\/home\/wp-content\/uploads\/2017\/05\/automatismo_teto.png 1482w, https:\/\/crisjormat.pt\/home\/wp-content\/uploads\/2017\/05\/automatismo_teto-300x252.png 300w, https:\/\/crisjormat.pt\/home\/wp-content\/uploads\/2017\/05\/automatismo_teto-768x645.png 768w, https:\/\/crisjormat.pt\/home\/wp-content\/uploads\/2017\/05\/automatismo_teto-1024x860.png 1024w\" sizes=\"(max-width: 1482px) 100vw, 1482px\" alt=\"\" \t\tclass=\"so-widget-image\"\/>\n\t<\/div>\n\n<h3 class=\"widget-title\"><\/h3><\/div><\/div><div id=\"panel-618-3-2-1\" class=\"so-panel widget widget_sow-editor panel-last-child\" data-index=\"13\" ><div\n\t\t\t\n\t\t\tclass=\"so-widget-sow-editor so-widget-sow-editor-base\"\n\t\t\t\n\t\t>\n<div class=\"siteorigin-widget-tinymce textwidget\">\n\t<h6 style=\"text-align: center;\">Automatismo de teto<\/h6>\n<\/div>\n<\/div><\/div><\/div><\/div><div id=\"pg-618-4\"  class=\"panel-grid panel-no-style\" ><div id=\"pgc-618-4-0\"  class=\"panel-grid-cell\" ><div id=\"panel-618-4-0-0\" class=\"so-panel widget widget_sow-image panel-first-child\" data-index=\"14\" ><div\n\t\t\t\n\t\t\tclass=\"so-widget-sow-image so-widget-sow-image-default-c67d20f9f743-618\"\n\t\t\t\n\t\t>\n<div class=\"sow-image-container\">\n\t\t<img \n\tsrc=\"https:\/\/crisjormat.pt\/home\/wp-content\/uploads\/2017\/05\/automatismo_portas.png\" width=\"1482\" height=\"1243\" srcset=\"https:\/\/crisjormat.pt\/home\/wp-content\/uploads\/2017\/05\/automatismo_portas.png 1482w, https:\/\/crisjormat.pt\/home\/wp-content\/uploads\/2017\/05\/automatismo_portas-300x252.png 300w, https:\/\/crisjormat.pt\/home\/wp-content\/uploads\/2017\/05\/automatismo_portas-768x644.png 768w, https:\/\/crisjormat.pt\/home\/wp-content\/uploads\/2017\/05\/automatismo_portas-1024x859.png 1024w\" sizes=\"(max-width: 1482px) 100vw, 1482px\" alt=\"\" \t\tclass=\"so-widget-image\"\/>\n\t<\/div>\n\n<h3 class=\"widget-title\"><\/h3><\/div><\/div><div id=\"panel-618-4-0-1\" class=\"so-panel widget widget_sow-editor panel-last-child\" data-index=\"15\" ><div\n\t\t\t\n\t\t\tclass=\"so-widget-sow-editor so-widget-sow-editor-base\"\n\t\t\t\n\t\t>\n<div class=\"siteorigin-widget-tinymce textwidget\">\n\t<h6 style=\"text-align: center;\">Automatismo para portas de correr<\/h6>\n<\/div>\n<\/div><\/div><\/div><div id=\"pgc-618-4-1\"  class=\"panel-grid-cell panel-grid-cell-empty panel-grid-cell-mobile-last\" ><\/div><div id=\"pgc-618-4-2\"  class=\"panel-grid-cell panel-grid-cell-empty\" ><\/div><\/div><\/div>","protected":false},"excerpt":{"rendered":"<p>Port\u00f5es de alum\u00ednio Port\u00f5es basculantes Port\u00f5es seccionados<\/p>\n","protected":false},"author":2,"featured_media":0,"parent":144,"menu_order":0,"comment_status":"closed","ping_status":"closed","template":"","meta":{"footnotes":""},"class_list":["post-618","page","type-page","status-publish","hentry"],"_links":{"self":[{"href":"https:\/\/crisjormat.pt\/home\/wp-json\/wp\/v2\/pages\/618","targetHints":{"allow":["GET"]}}],"collection":[{"href":"https:\/\/crisjormat.pt\/home\/wp-json\/wp\/v2\/pages"}],"about":[{"href":"https:\/\/crisjormat.pt\/home\/wp-json\/wp\/v2\/types\/page"}],"author":[{"embeddable":true,"href":"https:\/\/crisjormat.pt\/home\/wp-json\/wp\/v2\/users\/2"}],"replies":[{"embeddable":true,"href":"https:\/\/crisjormat.pt\/home\/wp-json\/wp\/v2\/comments?post=618"}],"version-history":[{"count":9,"href":"https:\/\/crisjormat.pt\/home\/wp-json\/wp\/v2\/pages\/618\/revisions"}],"predecessor-version":[{"id":811,"href":"https:\/\/crisjormat.pt\/home\/wp-json\/wp\/v2\/pages\/618\/revisions\/811"}],"up":[{"embeddable":true,"href":"https:\/\/crisjormat.pt\/home\/wp-json\/wp\/v2\/pages\/144"}],"wp:attachment":[{"href":"https:\/\/crisjormat.pt\/home\/wp-json\/wp\/v2\/media?parent=618"}],"curies":[{"name":"wp","href":"https:\/\/api.w.org\/{rel}","templated":true}]}}