{"id":784,"date":"2017-05-10T17:43:39","date_gmt":"2017-05-10T17:43:39","guid":{"rendered":"http:\/\/crisjormat.pt\/home\/?page_id=784"},"modified":"2017-06-07T09:08:23","modified_gmt":"2017-06-07T09:08:23","slug":"parceiros","status":"publish","type":"page","link":"https:\/\/crisjormat.pt\/home\/parceiros\/","title":{"rendered":"Parceiros"},"content":{"rendered":"<div id=\"pl-784\"  class=\"panel-layout\" ><div id=\"pg-784-0\"  class=\"panel-grid panel-no-style\" ><div id=\"pgc-784-0-0\"  class=\"panel-grid-cell\" ><div id=\"panel-784-0-0-0\" class=\"so-panel widget widget_sow-editor panel-first-child panel-last-child\" data-index=\"0\" ><div\n\t\t\t\n\t\t\tclass=\"so-widget-sow-editor so-widget-sow-editor-base\"\n\t\t\t\n\t\t>\n<div class=\"siteorigin-widget-tinymce textwidget\">\n\t<p>Porque a nossa preocupa\u00e7\u00e3o \u00e9 a qualidade e satisfa\u00e7\u00e3o dos nossos clientes, somos detentores da representa\u00e7\u00e3o das melhores marcas no mercado.<\/p>\n<\/div>\n<\/div><\/div><\/div><\/div><div id=\"pg-784-1\"  class=\"panel-grid panel-no-style\" ><div id=\"pgc-784-1-0\"  class=\"panel-grid-cell panel-grid-cell-empty\" ><\/div><div id=\"pgc-784-1-1\"  class=\"panel-grid-cell\" ><div id=\"panel-784-1-1-0\" class=\"so-panel widget widget_sow-image panel-first-child panel-last-child\" data-index=\"1\" ><div\n\t\t\t\n\t\t\tclass=\"so-widget-sow-image so-widget-sow-image-default-3a2476c0e107-784\"\n\t\t\t\n\t\t>\n<div class=\"sow-image-container\">\n\t\t<img \n\tsrc=\"https:\/\/crisjormat.pt\/home\/wp-content\/uploads\/2017\/04\/marcas_domal_v1.png\" width=\"212\" height=\"74\" sizes=\"(max-width: 212px) 100vw, 212px\" alt=\"\" \t\tclass=\"so-widget-image\"\/>\n\t<\/div>\n\n<\/div><\/div><\/div><div id=\"pgc-784-1-2\"  class=\"panel-grid-cell\" ><div id=\"panel-784-1-2-0\" class=\"so-panel widget widget_sow-image panel-first-child panel-last-child\" data-index=\"2\" ><div\n\t\t\t\n\t\t\tclass=\"so-widget-sow-image so-widget-sow-image-default-3a2476c0e107-784\"\n\t\t\t\n\t\t>\n<div class=\"sow-image-container\">\n\t\t<img \n\tsrc=\"https:\/\/crisjormat.pt\/home\/wp-content\/uploads\/2017\/04\/marca_strugal.png\" width=\"259\" height=\"48\" sizes=\"(max-width: 259px) 100vw, 259px\" alt=\"\" \t\tclass=\"so-widget-image\"\/>\n\t<\/div>\n\n<\/div><\/div><\/div><div id=\"pgc-784-1-3\"  class=\"panel-grid-cell panel-grid-cell-mobile-last\" ><div id=\"panel-784-1-3-0\" class=\"so-panel widget widget_sow-image panel-first-child panel-last-child\" data-index=\"3\" ><div\n\t\t\t\n\t\t\tclass=\"so-widget-sow-image so-widget-sow-image-default-3a2476c0e107-784\"\n\t\t\t\n\t\t>\n<div class=\"sow-image-container\">\n\t\t<img \n\tsrc=\"https:\/\/crisjormat.pt\/home\/wp-content\/uploads\/2017\/04\/marca_knauf.png\" width=\"117\" height=\"76\" sizes=\"(max-width: 117px) 100vw, 117px\" alt=\"\" \t\tclass=\"so-widget-image\"\/>\n\t<\/div>\n\n<\/div><\/div><\/div><div id=\"pgc-784-1-4\"  class=\"panel-grid-cell panel-grid-cell-empty\" ><\/div><\/div><div id=\"pg-784-2\"  class=\"panel-grid panel-no-style\" ><div id=\"pgc-784-2-0\"  class=\"panel-grid-cell panel-grid-cell-empty\" ><\/div><div id=\"pgc-784-2-1\"  class=\"panel-grid-cell\" ><div id=\"panel-784-2-1-0\" class=\"so-panel widget widget_sow-image panel-first-child panel-last-child\" data-index=\"4\" ><div\n\t\t\t\n\t\t\tclass=\"so-widget-sow-image so-widget-sow-image-default-3a2476c0e107-784\"\n\t\t\t\n\t\t>\n<div class=\"sow-image-container\">\n\t\t<img \n\tsrc=\"https:\/\/crisjormat.pt\/home\/wp-content\/uploads\/2017\/04\/marca_poliface.png\" width=\"256\" height=\"49\" sizes=\"(max-width: 256px) 100vw, 256px\" alt=\"\" \t\tclass=\"so-widget-image\"\/>\n\t<\/div>\n\n<\/div><\/div><\/div><div id=\"pgc-784-2-2\"  class=\"panel-grid-cell\" ><div id=\"panel-784-2-2-0\" class=\"so-panel widget widget_sow-image panel-first-child panel-last-child\" data-index=\"5\" ><div\n\t\t\t\n\t\t\tclass=\"so-widget-sow-image so-widget-sow-image-default-3a2476c0e107-784\"\n\t\t\t\n\t\t>\n<div class=\"sow-image-container\">\n\t\t<img \n\tsrc=\"https:\/\/crisjormat.pt\/home\/wp-content\/uploads\/2017\/04\/marca_teccarsa.png\" width=\"236\" height=\"58\" sizes=\"(max-width: 236px) 100vw, 236px\" alt=\"\" \t\tclass=\"so-widget-image\"\/>\n\t<\/div>\n\n<\/div><\/div><\/div><div id=\"pgc-784-2-3\"  class=\"panel-grid-cell panel-grid-cell-mobile-last\" ><div id=\"panel-784-2-3-0\" class=\"so-panel widget widget_sow-image panel-first-child panel-last-child\" data-index=\"6\" ><div\n\t\t\t\n\t\t\tclass=\"so-widget-sow-image so-widget-sow-image-default-3a2476c0e107-784\"\n\t\t\t\n\t\t>\n<div class=\"sow-image-container\">\n\t\t<img \n\tsrc=\"https:\/\/crisjormat.pt\/home\/wp-content\/uploads\/2017\/04\/marca_lumarca.png\" width=\"240\" height=\"75\" sizes=\"(max-width: 240px) 100vw, 240px\" alt=\"\" \t\tclass=\"so-widget-image\"\/>\n\t<\/div>\n\n<\/div><\/div><\/div><div id=\"pgc-784-2-4\"  class=\"panel-grid-cell panel-grid-cell-empty\" ><\/div><\/div><div id=\"pg-784-3\"  class=\"panel-grid panel-no-style\" ><div id=\"pgc-784-3-0\"  class=\"panel-grid-cell panel-grid-cell-empty\" ><\/div><div id=\"pgc-784-3-1\"  class=\"panel-grid-cell\" ><div id=\"panel-784-3-1-0\" class=\"so-panel widget widget_sow-image panel-first-child panel-last-child\" data-index=\"7\" ><div\n\t\t\t\n\t\t\tclass=\"so-widget-sow-image so-widget-sow-image-default-3a2476c0e107-784\"\n\t\t\t\n\t\t>\n<div class=\"sow-image-container\">\n\t\t<img \n\tsrc=\"https:\/\/crisjormat.pt\/home\/wp-content\/uploads\/2017\/04\/marca_represtor.png\" width=\"255\" height=\"45\" sizes=\"(max-width: 255px) 100vw, 255px\" alt=\"\" \t\tclass=\"so-widget-image\"\/>\n\t<\/div>\n\n<\/div><\/div><\/div><div id=\"pgc-784-3-2\"  class=\"panel-grid-cell\" ><div id=\"panel-784-3-2-0\" class=\"so-panel widget widget_sow-image panel-first-child panel-last-child\" data-index=\"8\" ><div\n\t\t\t\n\t\t\tclass=\"so-widget-sow-image so-widget-sow-image-default-3a2476c0e107-784\"\n\t\t\t\n\t\t>\n<div class=\"sow-image-container\">\n\t\t<img \n\tsrc=\"https:\/\/crisjormat.pt\/home\/wp-content\/uploads\/2017\/04\/marca_gyptec.png\" width=\"242\" height=\"76\" sizes=\"(max-width: 242px) 100vw, 242px\" alt=\"\" \t\tclass=\"so-widget-image\"\/>\n\t<\/div>\n\n<\/div><\/div><\/div><div id=\"pgc-784-3-3\"  class=\"panel-grid-cell panel-grid-cell-mobile-last\" ><div id=\"panel-784-3-3-0\" class=\"so-panel widget widget_sow-image panel-first-child panel-last-child\" data-index=\"9\" ><div\n\t\t\t\n\t\t\tclass=\"so-widget-sow-image so-widget-sow-image-default-3a2476c0e107-784\"\n\t\t\t\n\t\t>\n<div class=\"sow-image-container\">\n\t\t<img \n\tsrc=\"https:\/\/crisjormat.pt\/home\/wp-content\/uploads\/2017\/04\/marca_portrisa.png\" width=\"243\" height=\"100\" sizes=\"(max-width: 243px) 100vw, 243px\" alt=\"\" \t\tclass=\"so-widget-image\"\/>\n\t<\/div>\n\n<\/div><\/div><\/div><div id=\"pgc-784-3-4\"  class=\"panel-grid-cell panel-grid-cell-empty\" ><\/div><\/div><div id=\"pg-784-4\"  class=\"panel-grid panel-no-style\" ><div id=\"pgc-784-4-0\"  class=\"panel-grid-cell panel-grid-cell-empty\" ><\/div><div id=\"pgc-784-4-1\"  class=\"panel-grid-cell\" ><div id=\"panel-784-4-1-0\" class=\"so-panel widget widget_sow-image panel-first-child panel-last-child\" data-index=\"10\" ><div\n\t\t\t\n\t\t\tclass=\"so-widget-sow-image so-widget-sow-image-default-3a2476c0e107-784\"\n\t\t\t\n\t\t>\n<div class=\"sow-image-container\">\n\t\t<img \n\tsrc=\"https:\/\/crisjormat.pt\/home\/wp-content\/uploads\/2017\/04\/marca_flexidoor.png\" width=\"247\" height=\"51\" sizes=\"(max-width: 247px) 100vw, 247px\" alt=\"\" \t\tclass=\"so-widget-image\"\/>\n\t<\/div>\n\n<\/div><\/div><\/div><div id=\"pgc-784-4-2\"  class=\"panel-grid-cell\" ><div id=\"panel-784-4-2-0\" class=\"so-panel widget widget_sow-image panel-first-child panel-last-child\" data-index=\"11\" ><div\n\t\t\t\n\t\t\tclass=\"so-widget-sow-image so-widget-sow-image-default-3a2476c0e107-784\"\n\t\t\t\n\t\t>\n<div class=\"sow-image-container\">\n\t\t<img \n\tsrc=\"https:\/\/crisjormat.pt\/home\/wp-content\/uploads\/2017\/04\/marca_motorline.png\" width=\"242\" height=\"57\" sizes=\"(max-width: 242px) 100vw, 242px\" alt=\"\" \t\tclass=\"so-widget-image\"\/>\n\t<\/div>\n\n<\/div><\/div><\/div><div id=\"pgc-784-4-3\"  class=\"panel-grid-cell panel-grid-cell-mobile-last\" ><div id=\"panel-784-4-3-0\" class=\"so-panel widget widget_sow-image panel-first-child panel-last-child\" data-index=\"12\" ><div\n\t\t\t\n\t\t\tclass=\"so-widget-sow-image so-widget-sow-image-default-3a2476c0e107-784\"\n\t\t\t\n\t\t>\n<div class=\"sow-image-container\">\n\t\t<img \n\tsrc=\"https:\/\/crisjormat.pt\/home\/wp-content\/uploads\/2017\/04\/marca_nice.png\" width=\"100\" height=\"103\" sizes=\"(max-width: 100px) 100vw, 100px\" alt=\"\" \t\tclass=\"so-widget-image\"\/>\n\t<\/div>\n\n<\/div><\/div><\/div><div id=\"pgc-784-4-4\"  class=\"panel-grid-cell panel-grid-cell-empty\" ><\/div><\/div><div id=\"pg-784-5\"  class=\"panel-grid panel-no-style\" ><div id=\"pgc-784-5-0\"  class=\"panel-grid-cell panel-grid-cell-empty\" ><\/div><div id=\"pgc-784-5-1\"  class=\"panel-grid-cell panel-grid-cell-empty\" ><\/div><div id=\"pgc-784-5-2\"  class=\"panel-grid-cell\" ><div id=\"panel-784-5-2-0\" class=\"so-panel widget widget_sow-image panel-first-child panel-last-child\" data-index=\"13\" ><div\n\t\t\t\n\t\t\tclass=\"so-widget-sow-image so-widget-sow-image-default-3a2476c0e107-784\"\n\t\t\t\n\t\t>\n<div class=\"sow-image-container\">\n\t\t<img \n\tsrc=\"https:\/\/crisjormat.pt\/home\/wp-content\/uploads\/2017\/04\/marca_hormann.png\" width=\"254\" height=\"64\" sizes=\"(max-width: 254px) 100vw, 254px\" alt=\"\" \t\tclass=\"so-widget-image\"\/>\n\t<\/div>\n\n<\/div><\/div><\/div><div id=\"pgc-784-5-3\"  class=\"panel-grid-cell panel-grid-cell-empty panel-grid-cell-mobile-last\" ><\/div><div id=\"pgc-784-5-4\"  class=\"panel-grid-cell panel-grid-cell-empty\" ><\/div><\/div><\/div>","protected":false},"excerpt":{"rendered":"<p>Porque a nossa preocupa\u00e7\u00e3o \u00e9 a qualidade e satisfa\u00e7\u00e3o dos nossos clientes, somos detentores da representa\u00e7\u00e3o das melhores marcas no [&hellip;]<\/p>\n","protected":false},"author":2,"featured_media":0,"parent":0,"menu_order":0,"comment_status":"closed","ping_status":"closed","template":"","meta":{"footnotes":""},"class_list":["post-784","page","type-page","status-publish","hentry"],"_links":{"self":[{"href":"https:\/\/crisjormat.pt\/home\/wp-json\/wp\/v2\/pages\/784","targetHints":{"allow":["GET"]}}],"collection":[{"href":"https:\/\/crisjormat.pt\/home\/wp-json\/wp\/v2\/pages"}],"about":[{"href":"https:\/\/crisjormat.pt\/home\/wp-json\/wp\/v2\/types\/page"}],"author":[{"embeddable":true,"href":"https:\/\/crisjormat.pt\/home\/wp-json\/wp\/v2\/users\/2"}],"replies":[{"embeddable":true,"href":"https:\/\/crisjormat.pt\/home\/wp-json\/wp\/v2\/comments?post=784"}],"version-history":[{"count":11,"href":"https:\/\/crisjormat.pt\/home\/wp-json\/wp\/v2\/pages\/784\/revisions"}],"predecessor-version":[{"id":840,"href":"https:\/\/crisjormat.pt\/home\/wp-json\/wp\/v2\/pages\/784\/revisions\/840"}],"wp:attachment":[{"href":"https:\/\/crisjormat.pt\/home\/wp-json\/wp\/v2\/media?parent=784"}],"curies":[{"name":"wp","href":"https:\/\/api.w.org\/{rel}","templated":true}]}}