{"id":785,"date":"2017-05-10T17:43:25","date_gmt":"2017-05-10T17:43:25","guid":{"rendered":"http:\/\/crisjormat.pt\/home\/?page_id=785"},"modified":"2020-01-17T10:04:54","modified_gmt":"2020-01-17T10:04:54","slug":"contactos","status":"publish","type":"page","link":"https:\/\/crisjormat.pt\/home\/contactos\/","title":{"rendered":"Contactos"},"content":{"rendered":"<div id=\"pl-785\"  class=\"panel-layout\" ><div id=\"pg-785-0\"  class=\"panel-grid panel-no-style\" ><div id=\"pgc-785-0-0\"  class=\"panel-grid-cell\" ><div id=\"panel-785-0-0-0\" class=\"so-panel widget widget_sow-editor panel-first-child\" data-index=\"0\" ><div\n\t\t\t\n\t\t\tclass=\"so-widget-sow-editor so-widget-sow-editor-base\"\n\t\t\t\n\t\t>\n<div class=\"siteorigin-widget-tinymce textwidget\">\n\t<p>Planificamos e elaboramos com o maior rigor qualquer projeto, obra ou remodela\u00e7\u00e3o. Procuramos sempre a melhor solu\u00e7\u00e3o para o seu problema.\u00a0Pe\u00e7a j\u00e1 o seu or\u00e7amento gr\u00e1tis ou pedido de assist\u00eancia t\u00e9cnica.<\/p>\n<\/div>\n<\/div><\/div><div id=\"panel-785-0-0-1\" class=\"so-panel widget widget_sow-contact-form panel-last-child\" data-index=\"1\" ><div\n\t\t\t\n\t\t\tclass=\"so-widget-sow-contact-form so-widget-sow-contact-form-default-1dceae4ce411-785\"\n\t\t\t\n\t\t>\t<form\n\t\taction=\"\/home\/wp-json\/wp\/v2\/pages\/785\"\n\t\tmethod=\"POST\"\n\t\tclass=\"sow-contact-form\"\n\t\tid=\"contact-form-51c2\"\n\t>\n\n\t\t\n\t\t\t\t\t<div class=\"sow-form-field sow-form-field-name\">\n\t\t\t\t\t\t\t\t<div class=\"sow-field-container\">\n\t\t\t\t\t\t\t<input\n\t\t\ttype=\"text\"\n\t\t\tname=\"nome-1\"\n\t\t\tid=\"sow-contact-form-field-nome-1\"\n\t\t\tvalue=\"\"\n\t\t\tclass=\"sow-text-field\"\n\t\t\tplaceholder=\"Nome\"\t\t\t\t\t\/>\n\t\t\t\t\t\t<\/div>\n\t\t\t\t\t\t\t<\/div>\n\t\t\t\t\t\t<div class=\"sow-form-field sow-form-field-email\">\n\t\t\t\t\t\t\t\t<div class=\"sow-field-container\">\n\t\t\t\t\t\t\t<input\n\t\t\ttype=\"email\"\n\t\t\tname=\"email-1\"\n\t\t\tid=\"sow-contact-form-field-email-1\"\n\t\t\tvalue=\"\"\n\t\t\tclass=\"sow-text-field\"placeholder=\"Email\"\t\t\t\t\t\t\t\t\/>\n\t\t\t\t\t\t<\/div>\n\t\t\t\t\t\t\t<\/div>\n\t\t\t\t\t\t<div class=\"sow-form-field sow-form-field-subject\">\n\t\t\t\t\t\t\t\t<div class=\"sow-field-container\">\n\t\t\t\t\t\t\t<input\n\t\t\ttype=\"text\"\n\t\t\tname=\"assunto-1\"\n\t\t\tid=\"sow-contact-form-field-assunto-1\"\n\t\t\tvalue=\"\"\n\t\t\tclass=\"sow-text-field\"\n\t\t\tplaceholder=\"Assunto\"\t\t\t\t\t\/>\n\t\t\t\t\t\t<\/div>\n\t\t\t\t\t\t\t<\/div>\n\t\t\t\t\t\t<div class=\"sow-form-field sow-form-field-textarea\">\n\t\t\t\t\t\t\t\t<div class=\"sow-field-container\">\n\t\t\t\t\t\t\t<textarea\n\t\t\tname=\"mensagem-1\"\n\t\t\tid=\"sow-contact-form-field-mensagem-1\"\n\t\t\trows=\"10\"\n\t\t\tplaceholder=\"Mensagem\"\t\t\t\t\t><\/textarea>\n\t\t\t\t\t\t<\/div>\n\t\t\t\t\t\t\t<\/div>\n\t\t\t\n\t\t\t\t\t<div class=\"sow-recaptcha\"\n\t\t\t\t\t\t\t\t\tdata-config=\"{&quot;sitekey&quot;:&quot;6LfALh8UAAAAABnZIKx5MrZoG-87Qb7LUkeF07gH&quot;,&quot;theme&quot;:&quot;light&quot;,&quot;type&quot;:&quot;image&quot;,&quot;size&quot;:&quot;normal&quot;}\"\n\t\t\t\t\t\t\t><\/div>\n\t\t\t\n\t\t<div class=\"sow-submit-wrapper \n\t\tsow-submit-styled\t\t\">\n\n\t\t\t<button\n\t\t\t\ttype=\"submit\"\n\t\t\t\tclass=\"sow-submit\n\t\t\t\t\t\t\t\t\"\n\t\t\t\t\t\t\t>\n\t\t\t\tEnviar\t\t\t<\/button>\n\t\t<\/div>\n\t\t\t\t<input\n\t\t\ttype=\"hidden\"\n\t\t\tname=\"instance_hash-1\"\n\t\t\tvalue=\"51c25b53\"\n\t\t\/>\n\n\t\t<input type=\"hidden\" id=\"_wpnonce\" name=\"_wpnonce\" value=\"5bceed6339\" \/><input type=\"hidden\" name=\"_wp_http_referer\" value=\"\/home\/wp-json\/wp\/v2\/pages\/785\" \/>\t<\/form>\n\t<\/div><\/div><\/div><div id=\"pgc-785-0-1\"  class=\"panel-grid-cell\" ><div id=\"panel-785-0-1-0\" class=\"so-panel widget widget_pagesinwidgets_page_section pagesinwidgets_page_section panel-first-child panel-last-child\" data-index=\"2\" ><h2 class=\"widget-title widgettitle\">Sede<\/h2>\t\t\t<div class=\"homepage_section\">\r\n\t\t\t\t<div id=\"pl-343\"  class=\"panel-layout\" ><div id=\"pg-343-0\"  class=\"panel-grid panel-no-style\" ><div id=\"pgc-343-0-0\"  class=\"panel-grid-cell\" ><div id=\"panel-343-0-0-0\" class=\"so-panel widget widget_sow-editor panel-first-child panel-last-child\" data-index=\"0\" ><div\n\t\t\t\n\t\t\tclass=\"so-widget-sow-editor so-widget-sow-editor-base\"\n\t\t\t\n\t\t>\n<div class=\"siteorigin-widget-tinymce textwidget\">\n\t<p>CRISJORMAT<br \/>\nCom\u00e9rcio de Materiais e Servi\u00e7os para Constru\u00e7\u00e3o Civil<\/p>\n<p>Zona Industrial Ligeira<br \/>\nExpans\u00e3o III, lote 14<br \/>\n7500-220 Vila Nova de Santo Andr\u00e9<br \/>\nSet\u00fabal - Portugal<\/p>\n<p>Segunda a sexta-feira:<br \/>\n09:00 \u00e0s 13:00 - 14:00 \u00e0s 18:00<br \/>\nS\u00e1bado: encerrado<\/p>\n<p>Tlf.\u00a0<a href=\"tel:+351269708466\">(+351) 269 708 466<\/a><br \/>\nCusto Rede Fixa Nacional<\/p>\n<p>Tlm.\u00a0<a href=\"tel:+351937045468\">(+351) 937 045 468<\/a><br \/>\nCusto Rede M\u00f3vel Nacional<\/p>\n<p><a href=\"mailto:geral@crisjormat.pt\">geral@crisjormat.pt<\/a><br \/>\n<a href=\"http:\/\/www.crisjormat.pt\">www.crisjormat.pt<\/a><\/p>\n<\/div>\n<\/div><\/div><\/div><\/div><\/div>\t\t\t\t<\/div>\r\n\t\t\t<\/div><\/div><\/div><div id=\"pg-785-1\"  class=\"panel-grid panel-has-style\" ><div class=\"siteorigin-panels-stretch panel-row-style panel-row-style-for-785-1\" data-stretch-type=\"full-stretched\" ><div id=\"pgc-785-1-0\"  class=\"panel-grid-cell\" ><div id=\"panel-785-1-0-0\" class=\"so-panel widget widget_text panel-first-child panel-last-child\" data-index=\"3\" >\t\t\t<div class=\"textwidget\"><iframe loading=\"lazy\" src=\"https:\/\/www.google.com\/maps\/d\/embed?mid=1B5HsiJJBliOR5LCnbz4tsxecX1g\" width=\"100%\" height=\"480px\"><\/iframe><\/div>\n\t\t<\/div><\/div><\/div><\/div><\/div>","protected":false},"excerpt":{"rendered":"<p>Planificamos e elaboramos com o maior rigor qualquer projeto, obra ou remodela\u00e7\u00e3o. Procuramos sempre a melhor solu\u00e7\u00e3o para o seu [&hellip;]<\/p>\n","protected":false},"author":2,"featured_media":0,"parent":0,"menu_order":0,"comment_status":"closed","ping_status":"closed","template":"","meta":{"footnotes":""},"class_list":["post-785","page","type-page","status-publish","hentry"],"_links":{"self":[{"href":"https:\/\/crisjormat.pt\/home\/wp-json\/wp\/v2\/pages\/785","targetHints":{"allow":["GET"]}}],"collection":[{"href":"https:\/\/crisjormat.pt\/home\/wp-json\/wp\/v2\/pages"}],"about":[{"href":"https:\/\/crisjormat.pt\/home\/wp-json\/wp\/v2\/types\/page"}],"author":[{"embeddable":true,"href":"https:\/\/crisjormat.pt\/home\/wp-json\/wp\/v2\/users\/2"}],"replies":[{"embeddable":true,"href":"https:\/\/crisjormat.pt\/home\/wp-json\/wp\/v2\/comments?post=785"}],"version-history":[{"count":21,"href":"https:\/\/crisjormat.pt\/home\/wp-json\/wp\/v2\/pages\/785\/revisions"}],"predecessor-version":[{"id":925,"href":"https:\/\/crisjormat.pt\/home\/wp-json\/wp\/v2\/pages\/785\/revisions\/925"}],"wp:attachment":[{"href":"https:\/\/crisjormat.pt\/home\/wp-json\/wp\/v2\/media?parent=785"}],"curies":[{"name":"wp","href":"https:\/\/api.w.org\/{rel}","templated":true}]}}