{"id":889,"date":"2020-01-16T22:24:00","date_gmt":"2020-01-16T22:24:00","guid":{"rendered":"http:\/\/crisjormat.pt\/home\/?page_id=889"},"modified":"2020-01-16T22:24:20","modified_gmt":"2020-01-16T22:24:20","slug":"politicas-de-privacidade","status":"publish","type":"page","link":"https:\/\/crisjormat.pt\/home\/politicas-de-privacidade\/","title":{"rendered":"Politicas de privacidade"},"content":{"rendered":"<div id=\"pl-889\"  class=\"panel-layout\" ><div id=\"pg-889-0\"  class=\"panel-grid panel-no-style\" ><div id=\"pgc-889-0-0\"  class=\"panel-grid-cell\" ><div id=\"panel-889-0-0-0\" class=\"so-panel widget widget_sow-editor panel-first-child panel-last-child\" data-index=\"0\" ><div\n\t\t\t\n\t\t\tclass=\"so-widget-sow-editor so-widget-sow-editor-base\"\n\t\t\t\n\t\t>\n<div class=\"siteorigin-widget-tinymce textwidget\">\n\t<h4><strong>CRISJORMAT e a prote\u00e7\u00e3o de dados pessoais<\/strong><\/h4>\n<p style=\"text-align: justify;\">A presente declara\u00e7\u00e3o tem como objetivo esclarecer quais os dados pessoais que recolhemos na intera\u00e7\u00e3o dos utilizadores com o nosso site, e o modo como efetuamos o seu tratamento. Ao navegar neste site est\u00e1 a aceitar as pr\u00e1ticas descritas na presente declara\u00e7\u00e3o.<\/p>\n<p>&nbsp;<\/p>\n<h4>Que informa\u00e7\u00e3o recolhemos acerca de si?<\/h4>\n<p style=\"text-align: justify;\">Recolhemos informa\u00e7\u00e3o acerca de si quando se regista no nosso site, coloca um pedido de aquisi\u00e7\u00e3o de produtos ou servi\u00e7os. N\u00f3s tamb\u00e9m recolhemos informa\u00e7\u00e3o sua quando voluntariamente preenche question\u00e1rios, usa a ferramenta de conversa\u00e7\u00e3o (\u201cchat\u201d, se existente) ou fornece opini\u00f5es (\u201cfeedback\u201d). A informa\u00e7\u00e3o de uso do site \u00e9 recolhida usando cookies.<\/p>\n<p>&nbsp;<\/p>\n<h4>De que forma usamos a informa\u00e7\u00e3o recolhida<\/h4>\n<p style=\"text-align: justify;\">Os dados recolhidos servem para processar o seu pedido, gerir a sua conta e, se concordar, enviar-lhe por correio eletr\u00f3nico informa\u00e7\u00e3o acerca de outros produtos e servi\u00e7os que pensamos ser do seu interesse. Usamos a informa\u00e7\u00e3o recolhida do site para personalizar as suas pr\u00f3ximas visitas ao nosso site.<\/p>\n<p style=\"text-align: justify;\">Os seus dados pessoais, recolhidos com o presente registo, poder\u00e3o ser tratados por encarregados do tratamento, mesmo externos e destinam-se \u00e0 gest\u00e3o do Servi\u00e7o solicitado e \u00e0s actividades de marketing previstas, podendo ser acedidos pelo(s) respons\u00e1vel(eis) pelo tratamento ou pelas sociedades \u00e0s quais os mesmos dados foram comunicados como previsto no par\u00e1grafo seguinte.<\/p>\n<p>&nbsp;<\/p>\n<h4>Marketing<\/h4>\n<p style=\"text-align: justify;\">Os seus dados pessoais poder\u00e3o ser comunicados a terceiros para respeitar ordens provenientes de autoridades p\u00fablicas ou para o exerc\u00edcio de um direito em ju\u00edzo. Al\u00e9m disso, com o seu consentimento, os seus dados poder\u00e3o ser comunicados a ag\u00eancias de marketing digital, que tratar\u00e3o tais dados para as finalidades ligadas \u00e0 promo\u00e7\u00e3o dos respectivos produtos e servi\u00e7os, em exclusivo para a nossa empresa. Se n\u00e3o desejar receber outras ofertas\/promo\u00e7\u00f5es comerciais, nem ser contactado por motivos de marketing, ou se pretender verificar, modificar ou cancelar os seus dados, ou simplesmente opor-se \u00e0 sua utiliza\u00e7\u00e3o, basta enviar-nos um email com a sua inten\u00e7\u00e3o.<\/p>\n<p>&nbsp;<\/p>\n<h4>Acesso e corre\u00e7\u00e3o da sua informa\u00e7\u00e3o<\/h4>\n<p>Os titulares dos dados t\u00eam o direito de:<\/p>\n<ul>\n<li>Aceder \u00e0 informa\u00e7\u00e3o relacionada com o seu tratamento (Direito de Acesso);<\/li>\n<li>Solicitar a retifica\u00e7\u00e3o de dados inexatos (Direito de Retifica\u00e7\u00e3o);<\/li>\n<li>Solicitar o apagamento dos dados quando, entre outros motivos, j\u00e1 n\u00e3o sejam necess\u00e1rios para os fins que foram recolhidos; a Crisjormat deixar\u00e1 de tratar os dados salvo para o exerc\u00edcio ou a defesa de poss\u00edveis reclama\u00e7\u00f5es ( Direito de Esquecimento);<\/li>\n<li>Solicitar a limita\u00e7\u00e3o do tratamento dos seus dados, em cujo caso unicamente poder\u00e3o ser tratados com o seu consentimento, \u00e0 exce\u00e7\u00e3o da sua conserva\u00e7\u00e3o e utiliza\u00e7\u00e3o para o exerc\u00edcio ou a defesa de reclama\u00e7\u00f5es ou com vista \u00e0 prote\u00e7\u00e3o dos direitos de outra pessoa singular ou coletiva ou por raz\u00f5es de interesse p\u00fablico importante da Uni\u00e3o Europeia ou de um determinado Estado membro;<\/li>\n<li>Opor-se ao tratamento dos seus dados, em cujo caso, o (Respons\u00e1vel pelo tratamento) deixar\u00e1 de tratar os dados, salvo para a defesa de poss\u00edveis reclama\u00e7\u00f5es (Direito de Oposi\u00e7\u00e3o);<\/li>\n<li>Receber num formato estruturado, de uso comum e leitura mec\u00e2nica, os dados pessoais que lhe incumbam e que tenha facilitado a Crisjormat ou solicitar a esta que os transmita diretamente a outro respons\u00e1vel quando seja tecnicamente poss\u00edvel (Direito de Portabilidade);<\/li>\n<li>Retirar o consentimento concedido, caso o tratamento de dados se baseia no consentimento do titular, sem que isso afete a licitude do tratamento baseado no consentimento previamente dado.<\/li>\n<\/ul>\n<p style=\"text-align: justify;\">Todos estes direitos poder\u00e3o ser exercidos mediante comunica\u00e7\u00e3o escrita dirigida \u00e0 Crisjormat para o endere\u00e7o de correio eletr\u00f3nico.<\/p>\n<p>&nbsp;<\/p>\n<h4>Medidas de seguran\u00e7a<\/h4>\n<p style=\"text-align: justify;\">Temos implementadas medidas t\u00e9cnicas e organizacionais adequadas para proteger os seus dados contra perda, modifica\u00e7\u00e3o, roubo ou o acesso por terceiros. Os nossos procedimentos de seguran\u00e7a s\u00e3o regularmente melhorados, de modo a reflectir o progresso tecnol\u00f3gico.<\/p>\n<p>&nbsp;<\/p>\n<h4>Pol\u00edticas de cookies<\/h4>\n<p style=\"text-align: justify;\">A Crisjormat utiliza \"cookies\" pequenos ficheiros de texto guardados no seu computador que servem para recolher informa\u00e7\u00e3o acerca do seu dispositivo e informa\u00e7\u00e3o acerca da sua experi\u00eancia de utiliza\u00e7\u00e3o. Estes ficheiros permitem\u00a0ao servidor verificar se o utilizador j\u00e1 visitou este site anteriormente, visando personalizar os conte\u00fados e a informa\u00e7\u00e3o dispon\u00edveis no site em fun\u00e7\u00e3o das anteriores visitas.<\/p>\n<p>&nbsp;<\/p>\n<h4>Outros sites<\/h4>\n<p style=\"text-align: justify;\">Este site pode conter links para outros endere\u00e7os externos. Este comunicado de privacidade apenas se aplica a este site. Ao navegar dever\u00e1 ter aten\u00e7\u00e3o quanto \u00e0s pol\u00edticas de privacidade dos outros endere\u00e7os.<\/p>\n<p>&nbsp;<\/p>\n<h4>Altera\u00e7\u00f5es a este comunicado de privacidade<\/h4>\n<p style=\"text-align: justify;\">As nossas pol\u00edticas de privacidade s\u00e3o revistas regularmente e todas as altera\u00e7\u00f5es ser\u00e3o publicadas neste site. A \u00faltima atualiza\u00e7\u00e3o \u00e9 de 01 de janeiro de 2020.<\/p>\n<h4><\/h4>\n<h4>Contactos<\/h4>\n<p>Se tiver alguma quest\u00e3o acerca da nossa pol\u00edtica de privacidade ou da informa\u00e7\u00e3o que temos sobre si, envie-nos um email solicitando esclarecimentos para geral@crisjormat.pt<\/p>\n<\/div>\n<\/div><\/div><\/div><\/div><\/div>","protected":false},"excerpt":{"rendered":"<p>CRISJORMAT e a prote\u00e7\u00e3o de dados pessoais A presente declara\u00e7\u00e3o tem como objetivo esclarecer quais os dados pessoais que recolhemos [&hellip;]<\/p>\n","protected":false},"author":2,"featured_media":0,"parent":0,"menu_order":0,"comment_status":"closed","ping_status":"closed","template":"","meta":{"footnotes":""},"class_list":["post-889","page","type-page","status-publish","hentry"],"_links":{"self":[{"href":"https:\/\/crisjormat.pt\/home\/wp-json\/wp\/v2\/pages\/889","targetHints":{"allow":["GET"]}}],"collection":[{"href":"https:\/\/crisjormat.pt\/home\/wp-json\/wp\/v2\/pages"}],"about":[{"href":"https:\/\/crisjormat.pt\/home\/wp-json\/wp\/v2\/types\/page"}],"author":[{"embeddable":true,"href":"https:\/\/crisjormat.pt\/home\/wp-json\/wp\/v2\/users\/2"}],"replies":[{"embeddable":true,"href":"https:\/\/crisjormat.pt\/home\/wp-json\/wp\/v2\/comments?post=889"}],"version-history":[{"count":2,"href":"https:\/\/crisjormat.pt\/home\/wp-json\/wp\/v2\/pages\/889\/revisions"}],"predecessor-version":[{"id":892,"href":"https:\/\/crisjormat.pt\/home\/wp-json\/wp\/v2\/pages\/889\/revisions\/892"}],"wp:attachment":[{"href":"https:\/\/crisjormat.pt\/home\/wp-json\/wp\/v2\/media?parent=889"}],"curies":[{"name":"wp","href":"https:\/\/api.w.org\/{rel}","templated":true}]}}